{"id":83,"date":"2015-05-07T11:31:25","date_gmt":"2015-05-07T09:31:25","guid":{"rendered":"http:\/\/www.sportkringbnp.be\/?page_id=83"},"modified":"2023-07-26T22:23:40","modified_gmt":"2023-07-26T20:23:40","slug":"golf","status":"publish","type":"page","link":"https:\/\/www.csk-wb.be\/fr\/afdelingen\/golf\/","title":{"rendered":"Golf"},"content":{"rendered":"<p><img decoding=\"async\" class=\"alignnone size-medium wp-image-100\" src=\"\/wp-content\/uploads\/2015\/05\/4723004541-300x220.jpg\" alt=\"\" width=\"300\" srcset=\"https:\/\/www.csk-wb.be\/wp-content\/uploads\/2015\/05\/4723004541-300x220.jpg 300w, https:\/\/www.csk-wb.be\/wp-content\/uploads\/2015\/05\/4723004541-768x563.jpg 768w, https:\/\/www.csk-wb.be\/wp-content\/uploads\/2015\/05\/4723004541.jpg 1024w\" sizes=\"(max-width: 300px) 100vw, 300px\" \/><\/p>\n<p><span style=\"color: #000000;\"><strong><span style=\"text-decoration: underline;\">Infrastructure<\/span> :<\/strong><\/span><\/p>\n<p>Royal Amicale Anderlecht Golf Club<br \/>\nSchollestraat 1<br \/>\n1070 Bruxelles<br \/>\nContact : secr\u00e9tariat Cercle Sportif Christine Callens 0475\/21.66.66.<\/p>\n<p>Steenpoelgolf &#8211; Club &amp; School<br \/>\nJ.M. Van Lierdelaan, 24<br \/>\nB &#8211; 1701 Itterbeek<br \/>\nPhone : 02 569.69.81<br \/>\nEmail : info@steenpoel.be<\/p>\n<p>L&rsquo;Empereur, Golf &amp; Country Club<br \/>\nRue Emile Fran\u00e7ois, 31<br \/>\nB &#8211; 1474 Ways (Genappe)<br \/>\nPhone : 067 77 15 71<br \/>\nEmail : info@golfempereur.com<br \/>\nL&rsquo;Empereur : <span style=\"color: #0000ff;\"><a style=\"color: #0000ff;\" href=\"https:\/\/www.cskwb.be\/wp-content\/uploads\/2015\/05\/Cotisations-2023-tarifs-speciaux.pdf\" target=\"_blank\" rel=\"noopener\">Tarifs sp\u00e9ciaux cotisations 2023<\/a><\/span>.<\/p>\n<hr \/>\n<p><span style=\"color: #000000;\"><span style=\"text-decoration: underline;\"><strong>Affiliation Steenpoel<\/strong><\/span> :<\/span><\/p>\n<p>Les conditions de Steenpoel pour les membres BNP Paribas Fortis ainsi que leurs enfants et\/ou leur conjoint pour 2023 :<\/p>\n<ul>\n<li><strong>Cotisation \u00a0\u00bb full member \u00ab\u00a0<\/strong> : 566 \u20ac au lieu de 736 \u20ac ( carte f\u00e9d\u00e9rale comprise).<\/li>\n<li><strong>Cotisation \u00a0\u00bb semainier \u00ab\u00a0<\/strong> : 460 \u20ac au lieu de 566 \u20ac ( carte f\u00e9d\u00e9rale comprise).<\/li>\n<\/ul>\n<p>Sur pr\u00e9sentation du badge et de la preuve de l&rsquo;affiliation au Cercle Sportif de BNPPF.<\/p>\n<hr \/>\n<p><span style=\"color: #000000;\"><strong><span style=\"text-decoration: underline;\">D\u00e9l\u00e9gu\u00e9s<\/span>\u00a0:<\/strong><\/span><\/p>\n<ul>\n<li>Julie Herman : <span style=\"color: #0000ff;\"><a class=\"blur\" style=\"color: #0000ff;\" href=\"mailto:julie.herman@bnpparibasfortis.com\" target=\"_blank\" rel=\"noopener\">julie.herman@bnpparibasfortis.com<\/a><\/span><\/li>\n<li>Olivier Melebeck : <span style=\"color: #0000ff;\"><a class=\"blur\" style=\"color: #0000ff;\" href=\"mailto:olivier.melebeck@bnpparibasfortis.com\" target=\"_blank\" rel=\"noopener\">olivier.melebeck@bnpparibasfortis.com<\/a><\/span><\/li>\n<\/ul>\n<p><\/p>","protected":false},"excerpt":{"rendered":"<p>Infrastructure : Royal Amicale Anderlecht Golf Club Schollestraat 1 1070 Bruxelles Contact : secr\u00e9tariat Cercle Sportif Christine Callens 0475\/21.66.66. Steenpoelgolf &#8211; Club &amp; School J.M. Van Lierdelaan, 24 B &#8211; 1701 Itterbeek Phone : 02 569.69.81 Email : info@steenpoel.be L&rsquo;Empereur, Golf &amp; Country Club Rue Emile Fran\u00e7ois, 31 B &#8211; 1474 Ways (Genappe) Phone : [&hellip;]<\/p>\n","protected":false},"author":4,"featured_media":0,"parent":35,"menu_order":7,"comment_status":"closed","ping_status":"closed","template":"","meta":{"site-sidebar-layout":"no-sidebar","site-content-layout":"boxed-container","ast-site-content-layout":"default","site-content-style":"default","site-sidebar-style":"default","ast-global-header-display":"","ast-banner-title-visibility":"","ast-main-header-display":"","ast-hfb-above-header-display":"","ast-hfb-below-header-display":"","ast-hfb-mobile-header-display":"","site-post-title":"","ast-breadcrumbs-content":"","ast-featured-img":"","footer-sml-layout":"","ast-disable-related-posts":"","theme-transparent-header-meta":"default","adv-header-id-meta":"","stick-header-meta":"","header-above-stick-meta":"","header-main-stick-meta":"","header-below-stick-meta":"","astra-migrate-meta-layouts":"default","ast-page-background-enabled":"default","ast-page-background-meta":{"desktop":{"background-color":"var(--ast-global-color-4)","background-image":"","background-repeat":"repeat","background-position":"center center","background-size":"auto","background-attachment":"scroll","background-type":"","background-media":"","overlay-type":"","overlay-color":"","overlay-opacity":"","overlay-gradient":""},"tablet":{"background-color":"","background-image":"","background-repeat":"repeat","background-position":"center center","background-size":"auto","background-attachment":"scroll","background-type":"","background-media":"","overlay-type":"","overlay-color":"","overlay-opacity":"","overlay-gradient":""},"mobile":{"background-color":"","background-image":"","background-repeat":"repeat","background-position":"center center","background-size":"auto","background-attachment":"scroll","background-type":"","background-media":"","overlay-type":"","overlay-color":"","overlay-opacity":"","overlay-gradient":""}},"ast-content-background-meta":{"desktop":{"background-color":"var(--ast-global-color-5)","background-image":"","background-repeat":"repeat","background-position":"center center","background-size":"auto","background-attachment":"scroll","background-type":"","background-media":"","overlay-type":"","overlay-color":"","overlay-opacity":"","overlay-gradient":""},"tablet":{"background-color":"var(--ast-global-color-5)","background-image":"","background-repeat":"repeat","background-position":"center center","background-size":"auto","background-attachment":"scroll","background-type":"","background-media":"","overlay-type":"","overlay-color":"","overlay-opacity":"","overlay-gradient":""},"mobile":{"background-color":"var(--ast-global-color-5)","background-image":"","background-repeat":"repeat","background-position":"center center","background-size":"auto","background-attachment":"scroll","background-type":"","background-media":"","overlay-type":"","overlay-color":"","overlay-opacity":"","overlay-gradient":""}},"_mc_calendar":[],"footnotes":""},"class_list":["post-83","page","type-page","status-publish","hentry"],"_links":{"self":[{"href":"https:\/\/www.csk-wb.be\/fr\/wp-json\/wp\/v2\/pages\/83","targetHints":{"allow":["GET"]}}],"collection":[{"href":"https:\/\/www.csk-wb.be\/fr\/wp-json\/wp\/v2\/pages"}],"about":[{"href":"https:\/\/www.csk-wb.be\/fr\/wp-json\/wp\/v2\/types\/page"}],"author":[{"embeddable":true,"href":"https:\/\/www.csk-wb.be\/fr\/wp-json\/wp\/v2\/users\/4"}],"replies":[{"embeddable":true,"href":"https:\/\/www.csk-wb.be\/fr\/wp-json\/wp\/v2\/comments?post=83"}],"version-history":[{"count":6,"href":"https:\/\/www.csk-wb.be\/fr\/wp-json\/wp\/v2\/pages\/83\/revisions"}],"predecessor-version":[{"id":1866,"href":"https:\/\/www.csk-wb.be\/fr\/wp-json\/wp\/v2\/pages\/83\/revisions\/1866"}],"up":[{"embeddable":true,"href":"https:\/\/www.csk-wb.be\/fr\/wp-json\/wp\/v2\/pages\/35"}],"wp:attachment":[{"href":"https:\/\/www.csk-wb.be\/fr\/wp-json\/wp\/v2\/media?parent=83"}],"curies":[{"name":"wp","href":"https:\/\/api.w.org\/{rel}","templated":true}]}}