{"id":45,"date":"2015-04-25T13:26:12","date_gmt":"2015-04-25T11:26:12","guid":{"rendered":"http:\/\/www.sportkringbnp.be\/?page_id=45"},"modified":"2025-09-17T16:34:14","modified_gmt":"2025-09-17T14:34:14","slug":"atletiek","status":"publish","type":"page","link":"https:\/\/www.csk-wb.be\/fr\/afdelingen\/atletiek\/","title":{"rendered":"Athl\u00e9tisme"},"content":{"rendered":"<p>Le Cercle sportif participe \u00e0 l&rsquo;Ekiden.<\/p>\n<hr \/>\n<p>Voici le calendrier cross-country interbancaire 2025-26, qui compte 8 cross et o\u00f9 le classement du Golden Spike sera \u00e9tabli sur la base de 7 cross.<\/p>\n<p><strong>Calendrier cross interbanques 2025-2026<\/strong><\/p>\n<p>25\/10\/2025\u00a0 \u00a0 \u00a0 \u00a0 \u00a0 \u00a0 \u00a0 \u00a0 KBC\u00a0 \u00a0 \u00a0 \u00a0 \u00a0 \u00a0 \u00a0 \u00a0 \u00a0 \u00a0 \u00a0 \u00a0 \u00a0 \u00a0 \u00a0 \u00a0 \u00a0Leuven (sportkot)\u00a0 \u00a0 \u00a0 \u00a0 \u00a0 \u00a0 \u00a0 \u00a0 \u00a014:00<br \/>\n08\/11\/2025\u00a0 \u00a0 \u00a0 \u00a0 \u00a0 \u00a0 \u00a0 \u00a0 BNB \u2013 NBB\u00a0 \u00a0 \u00a0 \u00a0 \u00a0 \u00a0 \u00a0 \u00a0 \u00a0 \u00a0 \u00a0Vilvoorde\u00a0 \u00a0 \u00a0 \u00a0 \u00a0 \u00a0 \u00a0 \u00a0 \u00a0 \u00a0 \u00a0 \u00a0 \u00a0 \u00a0 \u00a0 \u00a0 13:30<br \/>\n29\/11\/2025\u00a0 \u00a0 \u00a0 \u00a0 \u00a0 \u00a0 \u00a0 \u00a0 STIB\u00a0 &#8211; MIVB\u00a0 \u00a0 \u00a0 \u00a0 \u00a0 \u00a0 \u00a0 \u00a0 \u00a0 Relegem\u00a0 \u00a0 \u00a0 \u00a0 \u00a0 \u00a0 \u00a0 \u00a0 \u00a0 \u00a0 \u00a0 \u00a0 \u00a0 \u00a0 \u00a0 \u00a0 13:30<br \/>\n03\/01\/2026\u00a0 \u00a0 \u00a0 \u00a0 \u00a0 \u00a0 \u00a0 \u00a0 BNP (Fortis)\u00a0 \u00a0 \u00a0 \u00a0 \u00a0 \u00a0 \u00a0 \u00a0 \u00a0 \u00a0 Grimbergen\u00a0 \u00a0 \u00a0 \u00a0 \u00a0 \u00a0 \u00a0 \u00a0 \u00a0 \u00a0 \u00a0 \u00a0 \u00a0 14:00<br \/>\n24\/01\/2026\u00a0 \u00a0 \u00a0 \u00a0 \u00a0 \u00a0 \u00a0 \u00a0 AXA\u00a0 \u00a0 \u00a0 \u00a0 \u00a0 \u00a0 \u00a0 \u00a0 \u00a0 \u00a0 \u00a0 \u00a0 \u00a0 \u00a0 \u00a0 \u00a0 \u00a0 Auderghem\u00a0 \u00a0 \u00a0 \u00a0 \u00a0 \u00a0 \u00a0 \u00a0 \u00a0 \u00a0 \u00a0 \u00a0 \u00a0 \u00a010:00<br \/>\n07\/02\/2026\u00a0 \u00a0 \u00a0 \u00a0 \u00a0 \u00a0 \u00a0 \u00a0 Eandis\u00a0 \u00a0 \u00a0 \u00a0 \u00a0 \u00a0 \u00a0 \u00a0 \u00a0 \u00a0 \u00a0 \u00a0 \u00a0 \u00a0 \u00a0 Vilvoorde\u00a0 \u00a0 \u00a0 \u00a0 \u00a0 \u00a0 \u00a0 \u00a0 \u00a0 \u00a0 \u00a0 \u00a0 \u00a0 \u00a0 \u00a0 14:00<br \/>\n28\/02\/2026\u00a0 \u00a0 \u00a0 \u00a0 \u00a0 \u00a0 \u00a0 \u00a0 Spiridon\u00a0 \u00a0 \u00a0 \u00a0 \u00a0 \u00a0 \u00a0 \u00a0 \u00a0 \u00a0 \u00a0 \u00a0 \u00a0 \u00a0 Aalst\u00a0 \u00a0 \u00a0 \u00a0 \u00a0 \u00a0 \u00a0 \u00a0 \u00a0 \u00a0 \u00a0 \u00a0 \u00a0 \u00a0 \u00a0 \u00a0 \u00a0 \u00a0 \u00a0 10:00<br \/>\n14\/03\/2026\u00a0 \u00a0 \u00a0 \u00a0 \u00a0 \u00a0 \u00a0 \u00a0 Memorial H. Den\u00e8ve\u00a0 \u00a0 \u00a0 \u00a0Liedekerke\u00a0 \u00a0 \u00a0 \u00a0 \u00a0 \u00a0 \u00a0 \u00a0 \u00a0 \u00a0 \u00a0 \u00a0 \u00a0 \u00a0 10:00<\/p>\n<p>Site Internet de Ursib Athletics : <span style=\"color: #0000ff;\"><u><a style=\"color: #0000ff;\" href=\"http:\/\/www.kibsu-ursib-athletics.online\">www.kibsu-ursib-athletics.online<\/a><\/u><\/span><\/p>\n<hr \/>\n<p><strong>20km &#8211; CSK BNPFF\/Think Pink<\/strong><\/p>\n<p>Apr\u00e8s une annulation en 2020 et une \u00e9dition automnale en mode mineur en 2021, les 20km de Bruxelles sont de retour cette ann\u00e9e dans le calendrier normal. Bloquez donc d\u2019ores et d\u00e9j\u00e0 le <strong>dimanche 29 mai 2022<\/strong> dans votre calendrier et rejoignez l\u2019\u00e9quipe du Cercle Sportif de BNP Paribas Fortis qui y participera, on l\u2019esp\u00e8re, en force. Comme d\u2019habitude, les \u00ab 20km de Bruxelles \u00bb accueilleront les handisports, les coureurs mais cette ann\u00e9e \u00e9galement les marcheurs (le temps limite pour effectuer le parcours sera de 5h00). Une raison de plus pour s\u2019y inscrire\u00a0!<\/p>\n<p>Pour cette \u00e9dition, dans le cadre de la \u00ab\u00a0Marche Rose\u00a0\u00bb, BNP Paribas Fortis courra sous les coureurs de Pink Ribbon. Cette association s\u2019est donn\u00e9e pour mission de r\u00e9duire le nombre de cas de cancers du sein et leurs cons\u00e9quences, d\u2019une part en encourageant la pr\u00e9vention et le d\u00e9pistage, et d\u2019autre part en am\u00e9liorant la qualit\u00e9\u0301 de vie des personnes confront\u00e9es a\u0300 la maladie et de leur entourage, tant pendant qu\u2019apr\u00e8s le traitement. Pink Ribbon vise toutes les personnes concern\u00e9es par le cancer du sein : patientes et ex-patientes, leur entourage proche, les soignants, ainsi qu\u2019un maximum de femmes et d\u2019hommes.<\/p>\n<p>Pour assurer la visibilit\u00e9 de notre \u00e9quipe et promouvoir les actions de Think Pink, <u>u<\/u>n T-Shirt sera fourni \u00e0 chaque participant de l\u2019\u00e9quipe. Par ailleurs, un stand partag\u00e9 avec l\u2019association vous permettra d\u2019en savoir plus sur les activit\u00e9s de l\u2019association tout en assurant la protection de vos effets personnels durant la course.<\/p>\n<p>Comment vous inscrire dans l\u2019\u00e9quipe BNP Paribas Fortis \u2013 Think Pink\u00a0? C\u2019est tr\u00e8s simple\u00a0:<\/p>\n<ul>\n<li>Remplissez le formulaire suivant\u00a0:\u00a0<a style=\"color: #0000ff;\" href=\"https:\/\/prod.chronorace.be\/inscriptions\/ticket.aspx?v=3&amp;Action=JoinGroup&amp;FormId=2159389297345010&amp;lng=FR&amp;gc=BNPPAR95380&amp;eventId=2153054220584862&amp;hash=XpbY3EKUsTPglp5iPfvSDoHF0Zk\">https:\/\/prod.chronorace.be\/inscriptions\/ticket.aspx?v=3&amp;Action=JoinGroup&amp;FormId=2159389297345010&amp;lng=FR&amp;gc=BNPPAR95380&amp;eventId=2153054220584862&amp;hash=XpbY3EKUsTPglp5iPfvSDoHF0Zk<\/a><\/li>\n<li>Important\u00a0: indiquez dans le champ \u00ab\u00a0Remarque \u00bb du formulaire d\u2019inscrip<u>t<\/u>ion la taille de T-Shirt souhait\u00e9e\u00a0: XS, S, M, L <u>ou<\/u>\u00a0XL<\/li>\n<li>Effectuez le paiement de 25\u20ac sur le compte du cercle sportif BE04 0010 0104 3131 avec communication : 20KM \u2013 Nom + Pr\u00e9nom coureur. Attention\u00a0: ce paiement doit nous parvenir au plus tard le 11 mai, lendemain de la cl\u00f4ture des inscriptions.<\/li>\n<\/ul>\n<p>Ne tra\u00eenez pas, les inscriptions se cl\u00f4turent le mardi 10 mai au soir. Alors cliquez directement sur le lien ci-dessus pour vous inscrire et pr\u00e9parez vos baskets pour vous entra\u00eener d\u2019ici l\u00e0\u00a0!<\/p>\n<p>A noter que nous contacterons les participants ult\u00e9rieurement pour les renseignements pratiques (distribution T-Shirts et dossards, point de rendez-vous, etc.).<\/p>\n<hr \/>\n<p><strong>Running \/ Renforcement musculaire \/ Coaching FR-NL-ENG-IT<\/strong><\/p>\n<p><em>Deux coachs \u00e0 votre disposition !\u00a0<\/em><\/p>\n<p>Vous avez envie de commencer la course \u00e0 pied ? Vous avez un nouvel objectif pour 2021 ? Courir un marathon vous tente ? Run By Steps vous propose des programmes et entra\u00eenements priv\u00e9s sur mesure. Fran\u00e7ois et Elena, coachs certifi\u00e9s, vous aideront\u00a0 \u00e0 atteindre vos objectifs sportifs en alliant renforcement musculaire et cardio.<br \/>\nAvec plus de 20 marathons \u00e0 leur actif (et un Marathon des Sables pour Fran\u00e7ois), les deux coachs veulent vous partager leur passion pour le sport !<br \/>\n<a href=\"\/wp-content\/uploads\/2015\/04\/run.jpg\" rel=\"attachment wp-att-1305\"><img loading=\"lazy\" decoding=\"async\" class=\"alignnone size-medium wp-image-1305\" src=\"\/wp-content\/uploads\/2015\/04\/run-300x240.jpg\" alt=\"run\" width=\"300\" height=\"240\" srcset=\"https:\/\/www.csk-wb.be\/wp-content\/uploads\/2015\/04\/run-300x240.jpg 300w, https:\/\/www.csk-wb.be\/wp-content\/uploads\/2015\/04\/run.jpg 454w\" sizes=\"auto, (max-width: 300px) 100vw, 300px\" \/><\/a><br \/>\n<strong>Vous \u00eates tent\u00e9s ?<\/strong> Rendez-vous sur <span style=\"color: #0000ff;\"><a style=\"color: #0000ff;\" href=\"http:\/\/www.runbysteps.com\" target=\"_blank\" rel=\"noopener\">www.runbysteps.com<\/a><\/span><br \/>\n<strong>Contactez-nous via <\/strong><span style=\"color: #0000ff;\"><a style=\"color: #0000ff;\" href=\"mailto:runbysteps@gmail.com\" target=\"_blank\" rel=\"noopener\">runbysteps@gmail.com<\/a><\/span> ou au\u00a00485 63 21 41<br \/>\n<strong>Suivez-nous sur<\/strong> Instagram et Facebook\u00a0@RunBySteps<\/p>\n<hr \/>\n<p>Coureur exp\u00e9riment\u00e9 ou coureur d\u00e9butant\u00a0? Rejoignez-nous\u00a0dans la section\u00a0d\u2019athl\u00e9tisme et de jogging du Cercle Sportif !<\/p>\n<p><span style=\"text-decoration: underline;\"><strong><span style=\"color: #000000; text-decoration: underline;\">Nos activit\u00e9s en un coup d\u2019\u0153il<\/span><\/strong><\/span><strong><span style=\"color: #000000;\">\u00a0:<\/span><\/strong><\/p>\n<ul>\n<li>Sorties hebdomadaires en groupe dans le parc Royal et au club de Boitsfort (se renseigner aupr\u00e8s de nos d\u00e9l\u00e9gu\u00e9s)<\/li>\n<li>Equipe BNP Paribas aux 20 km de Bruxelles (ouverte \u00e0 tous les niveaux)<\/li>\n<li>Jogging de printemps<\/li>\n<li>Cross interbanques\u00a0: 13 cross tr\u00e8s accessibles\u00a0r\u00e9partis entre septembre et f\u00e9vrier \u00e0 et autour de Bruxelles (6 km pour les hommes, 3 km pour les femmes, distances pour les enfants) (*)<\/li>\n<li>Challenge interbanque sur piste (1\/an en Juin) (*)<\/li>\n<li>Participation \u00e0 d\u2019autres \u00e9preuves et joggings aux couleurs de la banque (Ekiden au Heyzel, challenge inter-entreprise \u00e0 Gand,&#8230;).<\/li>\n<\/ul>\n<hr \/>\n<p><strong><span style=\"color: #000000;\"><span style=\"text-decoration: underline;\">D\u00e9l\u00e9gu\u00e9s<\/span>\u00a0:<\/span><\/strong><\/p>\n<ul>\n<li>FBBE &#8212; CSK Athletics :\u00a0<span style=\"color: #0000ff;\"><a style=\"color: #0000ff;\" href=\"mailto:FBBE.CSKATHLETICS@bnpparibasfortis.com\">FBBE.CSKATHLETICS@bnpparibasfortis.com<\/a><\/span><\/li>\n<li>Lode Vandervennet :\u00a0<span style=\"color: #0000ff;\"><a style=\"color: #0000ff;\" href=\"mailto:lode.vandervennet@skynet.be\" target=\"_blank\" rel=\"noopener\">lode.vandervennet@skynet.be<\/a><\/span><\/li>\n<li>Jan D&rsquo;hoedt :\u00a0<span style=\"color: #0000ff;\"><a style=\"color: #0000ff;\" href=\"mailto:jan.dhoedt@gmail.com\" target=\"_blank\" rel=\"noopener\">jan.dhoedt@gmail.com<\/a><\/span><\/li>\n<\/ul>\n<p>Nouveau site web Ursib athl\u00e9tisme &#8211; <span style=\"color: #0000ff;\"><a style=\"color: #0000ff;\" href=\"http:\/\/www.kibsu-ursib-athletics.org\" target=\"_blank\" rel=\"noopener\">www.kibsu-ursib-athletics.org<\/a><\/span><\/p>\n<p>&nbsp;<\/p>","protected":false},"excerpt":{"rendered":"<p>Le Cercle sportif participe \u00e0 l&rsquo;Ekiden. Voici le calendrier cross-country interbancaire 2025-26, qui compte 8 cross et o\u00f9 le classement du Golden Spike sera \u00e9tabli sur la base de 7 cross. Calendrier cross interbanques 2025-2026 25\/10\/2025\u00a0 \u00a0 \u00a0 \u00a0 \u00a0 \u00a0 \u00a0 \u00a0 KBC\u00a0 \u00a0 \u00a0 \u00a0 \u00a0 \u00a0 \u00a0 \u00a0 \u00a0 \u00a0 \u00a0 \u00a0 [&hellip;]<\/p>\n","protected":false},"author":4,"featured_media":0,"parent":35,"menu_order":1,"comment_status":"closed","ping_status":"closed","template":"","meta":{"site-sidebar-layout":"no-sidebar","site-content-layout":"boxed-container","ast-site-content-layout":"normal-width-container","site-content-style":"boxed","site-sidebar-style":"boxed","ast-global-header-display":"","ast-banner-title-visibility":"","ast-main-header-display":"","ast-hfb-above-header-display":"","ast-hfb-below-header-display":"","ast-hfb-mobile-header-display":"","site-post-title":"","ast-breadcrumbs-content":"","ast-featured-img":"","footer-sml-layout":"","ast-disable-related-posts":"","theme-transparent-header-meta":"default","adv-header-id-meta":"","stick-header-meta":"","header-above-stick-meta":"","header-main-stick-meta":"","header-below-stick-meta":"","astra-migrate-meta-layouts":"set","ast-page-background-enabled":"default","ast-page-background-meta":{"desktop":{"background-color":"var(--ast-global-color-4)","background-image":"","background-repeat":"repeat","background-position":"center center","background-size":"auto","background-attachment":"scroll","background-type":"","background-media":"","overlay-type":"","overlay-color":"","overlay-opacity":"","overlay-gradient":""},"tablet":{"background-color":"","background-image":"","background-repeat":"repeat","background-position":"center center","background-size":"auto","background-attachment":"scroll","background-type":"","background-media":"","overlay-type":"","overlay-color":"","overlay-opacity":"","overlay-gradient":""},"mobile":{"background-color":"","background-image":"","background-repeat":"repeat","background-position":"center center","background-size":"auto","background-attachment":"scroll","background-type":"","background-media":"","overlay-type":"","overlay-color":"","overlay-opacity":"","overlay-gradient":""}},"ast-content-background-meta":{"desktop":{"background-color":"var(--ast-global-color-5)","background-image":"","background-repeat":"repeat","background-position":"center center","background-size":"auto","background-attachment":"scroll","background-type":"","background-media":"","overlay-type":"","overlay-color":"","overlay-opacity":"","overlay-gradient":""},"tablet":{"background-color":"var(--ast-global-color-5)","background-image":"","background-repeat":"repeat","background-position":"center center","background-size":"auto","background-attachment":"scroll","background-type":"","background-media":"","overlay-type":"","overlay-color":"","overlay-opacity":"","overlay-gradient":""},"mobile":{"background-color":"var(--ast-global-color-5)","background-image":"","background-repeat":"repeat","background-position":"center center","background-size":"auto","background-attachment":"scroll","background-type":"","background-media":"","overlay-type":"","overlay-color":"","overlay-opacity":"","overlay-gradient":""}},"_mc_calendar":[],"footnotes":""},"class_list":["post-45","page","type-page","status-publish","hentry"],"_links":{"self":[{"href":"https:\/\/www.csk-wb.be\/fr\/wp-json\/wp\/v2\/pages\/45","targetHints":{"allow":["GET"]}}],"collection":[{"href":"https:\/\/www.csk-wb.be\/fr\/wp-json\/wp\/v2\/pages"}],"about":[{"href":"https:\/\/www.csk-wb.be\/fr\/wp-json\/wp\/v2\/types\/page"}],"author":[{"embeddable":true,"href":"https:\/\/www.csk-wb.be\/fr\/wp-json\/wp\/v2\/users\/4"}],"replies":[{"embeddable":true,"href":"https:\/\/www.csk-wb.be\/fr\/wp-json\/wp\/v2\/comments?post=45"}],"version-history":[{"count":30,"href":"https:\/\/www.csk-wb.be\/fr\/wp-json\/wp\/v2\/pages\/45\/revisions"}],"predecessor-version":[{"id":2339,"href":"https:\/\/www.csk-wb.be\/fr\/wp-json\/wp\/v2\/pages\/45\/revisions\/2339"}],"up":[{"embeddable":true,"href":"https:\/\/www.csk-wb.be\/fr\/wp-json\/wp\/v2\/pages\/35"}],"wp:attachment":[{"href":"https:\/\/www.csk-wb.be\/fr\/wp-json\/wp\/v2\/media?parent=45"}],"curies":[{"name":"wp","href":"https:\/\/api.w.org\/{rel}","templated":true}]}}