{"id":39,"date":"2015-04-25T13:24:00","date_gmt":"2015-04-25T11:24:00","guid":{"rendered":"http:\/\/www.sportkringbnp.be\/?page_id=39"},"modified":"2026-02-18T09:46:29","modified_gmt":"2026-02-18T08:46:29","slug":"lid-worden","status":"publish","type":"page","link":"https:\/\/www.csk-wb.be\/fr\/lid-worden\/","title":{"rendered":"Devenir membre"},"content":{"rendered":"<p>Etre membre du Cercle Sportif est une condition pour participer aux activit\u00e9s\u00a0ou profiter des avantages.<\/p>\n<ul>\n<li>Pour les\u00a0collaborateurs de BNP Paribas Fortis\u00a0et les membres de leur famille : la cotisation annuelle s&rsquo;\u00e9l\u00e8ve \u00e0 10 \u20ac\u00a0 Le paiement se fait uniquement par\u00a0domiciliation sur le compte <strong>BE04 0010 0104 3131<\/strong>.<\/li>\n<li>Pour les membres externes : voir les conditions d&rsquo;affiliation dans le <a href=\"\/wp-content\/uploads\/2015\/04\/reglement-dordre-interieur-1.pdf\" target=\"_blank\" rel=\"noopener\">R\u00e8glement d&rsquo;ordre int\u00e9rieur<\/a>.<\/li>\n<\/ul>\n<p>Pour la pratique de certains sports,\u00a0une cotisation suppl\u00e9mentaire est demand\u00e9e. Voir ici les <span style=\"color: #0000ff;\"><a style=\"color: #0000ff;\" href=\"https:\/\/www.csk-wb.be\/wp-content\/uploads\/2026\/02\/Cotisations-tableau-2026.pdf\" target=\"_blank\" rel=\"noopener\">tarifs des suppl\u00e9ments<\/a><\/span>.<\/p>\n<p>Afin de devenir membre du Cercle Sportif, compl\u00e9tez\u00a0les deux formulaires suivants :<\/p>\n<ul>\n<li><a href=\"\/wp-content\/uploads\/2015\/04\/Demande-daffiliation-asbl-2023.docx\" target=\"_blank\" rel=\"noopener\">Formulaire d&rsquo;inscription<\/a><\/li>\n<li><a href=\"\/wp-content\/uploads\/2015\/04\/domiciliation.pdf\" target=\"_blank\" rel=\"noopener\">Domiciliation<\/a><\/li>\n<\/ul>\n<p>Pour les sections concern\u00e9es : <a href=\"\/wp-content\/uploads\/2015\/04\/interbanques_bilingue.pdf\" target=\"_blank\" rel=\"noopener\">formulaire de demande d&rsquo;affiliation interbanques<\/a>.<\/p>","protected":false},"excerpt":{"rendered":"<p>Etre membre du Cercle Sportif est une condition pour participer aux activit\u00e9s\u00a0ou profiter des avantages. Pour les\u00a0collaborateurs de BNP Paribas Fortis\u00a0et les membres de leur famille : la cotisation annuelle s&rsquo;\u00e9l\u00e8ve \u00e0 10 \u20ac\u00a0 Le paiement se fait uniquement par\u00a0domiciliation sur le compte BE04 0010 0104 3131. Pour les membres externes : voir les conditions [&hellip;]<\/p>\n","protected":false},"author":4,"featured_media":0,"parent":0,"menu_order":4,"comment_status":"closed","ping_status":"closed","template":"","meta":{"site-sidebar-layout":"right-sidebar","site-content-layout":"boxed-container","ast-site-content-layout":"normal-width-container","site-content-style":"boxed","site-sidebar-style":"boxed","ast-global-header-display":"","ast-banner-title-visibility":"","ast-main-header-display":"","ast-hfb-above-header-display":"","ast-hfb-below-header-display":"","ast-hfb-mobile-header-display":"","site-post-title":"","ast-breadcrumbs-content":"","ast-featured-img":"","footer-sml-layout":"","ast-disable-related-posts":"","theme-transparent-header-meta":"default","adv-header-id-meta":"","stick-header-meta":"","header-above-stick-meta":"","header-main-stick-meta":"","header-below-stick-meta":"","astra-migrate-meta-layouts":"set","ast-page-background-enabled":"default","ast-page-background-meta":{"desktop":{"background-color":"var(--ast-global-color-4)","background-image":"","background-repeat":"repeat","background-position":"center center","background-size":"auto","background-attachment":"scroll","background-type":"","background-media":"","overlay-type":"","overlay-color":"","overlay-opacity":"","overlay-gradient":""},"tablet":{"background-color":"","background-image":"","background-repeat":"repeat","background-position":"center center","background-size":"auto","background-attachment":"scroll","background-type":"","background-media":"","overlay-type":"","overlay-color":"","overlay-opacity":"","overlay-gradient":""},"mobile":{"background-color":"","background-image":"","background-repeat":"repeat","background-position":"center center","background-size":"auto","background-attachment":"scroll","background-type":"","background-media":"","overlay-type":"","overlay-color":"","overlay-opacity":"","overlay-gradient":""}},"ast-content-background-meta":{"desktop":{"background-color":"var(--ast-global-color-5)","background-image":"","background-repeat":"repeat","background-position":"center center","background-size":"auto","background-attachment":"scroll","background-type":"","background-media":"","overlay-type":"","overlay-color":"","overlay-opacity":"","overlay-gradient":""},"tablet":{"background-color":"var(--ast-global-color-5)","background-image":"","background-repeat":"repeat","background-position":"center center","background-size":"auto","background-attachment":"scroll","background-type":"","background-media":"","overlay-type":"","overlay-color":"","overlay-opacity":"","overlay-gradient":""},"mobile":{"background-color":"var(--ast-global-color-5)","background-image":"","background-repeat":"repeat","background-position":"center center","background-size":"auto","background-attachment":"scroll","background-type":"","background-media":"","overlay-type":"","overlay-color":"","overlay-opacity":"","overlay-gradient":""}},"_mc_calendar":[],"footnotes":""},"class_list":["post-39","page","type-page","status-publish","hentry"],"_links":{"self":[{"href":"https:\/\/www.csk-wb.be\/fr\/wp-json\/wp\/v2\/pages\/39","targetHints":{"allow":["GET"]}}],"collection":[{"href":"https:\/\/www.csk-wb.be\/fr\/wp-json\/wp\/v2\/pages"}],"about":[{"href":"https:\/\/www.csk-wb.be\/fr\/wp-json\/wp\/v2\/types\/page"}],"author":[{"embeddable":true,"href":"https:\/\/www.csk-wb.be\/fr\/wp-json\/wp\/v2\/users\/4"}],"replies":[{"embeddable":true,"href":"https:\/\/www.csk-wb.be\/fr\/wp-json\/wp\/v2\/comments?post=39"}],"version-history":[{"count":16,"href":"https:\/\/www.csk-wb.be\/fr\/wp-json\/wp\/v2\/pages\/39\/revisions"}],"predecessor-version":[{"id":2378,"href":"https:\/\/www.csk-wb.be\/fr\/wp-json\/wp\/v2\/pages\/39\/revisions\/2378"}],"wp:attachment":[{"href":"https:\/\/www.csk-wb.be\/fr\/wp-json\/wp\/v2\/media?parent=39"}],"curies":[{"name":"wp","href":"https:\/\/api.w.org\/{rel}","templated":true}]}}