{"id":215,"date":"2015-05-12T12:10:20","date_gmt":"2015-05-12T10:10:20","guid":{"rendered":"http:\/\/www.sportkringbnp.be\/?page_id=215"},"modified":"2025-07-01T16:10:56","modified_gmt":"2025-07-01T14:10:56","slug":"voetbal","status":"publish","type":"page","link":"https:\/\/www.csk-wb.be\/fr\/afdelingen\/voetbal\/","title":{"rendered":"Football"},"content":{"rendered":"<p>Le complexe sportif de Boitsfort dispose de 2 terrains de football en parfait \u00e9tat.<br \/>\nIl est toujours possible de r\u00e9server un terrain pour une rencontre amicale (moyennant contribution).<\/p>\n<p>BNP Paribas Fortis aligne trois \u00e9quipes dans le championnat Interbanques qui est affili\u00e9 \u00e0 l&rsquo;Union Belge de Football.<\/p>\n<p>Il y a une \u00e9quipe en division 1 senior et 2 \u00e9quipes en division v\u00e9t\u00e9rans.<br \/>\nLes comp\u00e9titions se d\u00e9roulent de septembre \u00e0 mai, le samedi apr\u00e8s-midi, en r\u00e9gion bruxelloise.<\/p>\n<p>A domicile, nous disputons nos matches dans le complexe sportif\u00a0de\u00a0Boitsfort.<\/p>\n<hr \/>\n<p><span style=\"color: #000000;\"><strong><span style=\"text-decoration: underline;\">R\u00e9sultats<\/span>:<\/strong><\/span> <span style=\"color: #0000ff;\"><a style=\"color: #0000ff;\" href=\"https:\/\/ursib-football.be\" target=\"_blank\" rel=\"noopener\">https:\/\/ursib-football.be<\/a><\/span><\/p>\n<hr \/>\n<p><strong><span style=\"color: #000000;\"><span style=\"text-decoration: underline;\">D\u00e9l\u00e9gu\u00e9s<\/span> : <\/span><\/strong><\/p>\n<ul>\n<li>Football (senior) : S\u00e9bastien Mathieu\u00a0et Morgane Denies\u00a0<span style=\"color: #0000ff;\"><a style=\"color: #0000ff;\" href=\"mailto:sebastien.mathieu@hotmail.be\">sebastien.mathieu@hotmail.be<\/a><\/span><\/li>\n<li>Football (v\u00e9t\u00e9ran) :\n<ul>\n<li>Jean-Marc Tilman : <span style=\"color: #0000ff;\"><a style=\"color: #0000ff;\" href=\"mailto:jean-marc.tilman@bnpparibasfortis.com\" target=\"_blank\" rel=\"noopener\">jean-marc.tilman@bnpparibasfortis.com<\/a><\/span><\/li>\n<li>Pascal Baldewyns : <span style=\"color: #0000ff;\"><a style=\"color: #0000ff;\" href=\"mailto:pascal.baldewyns@skynet.be\" target=\"_blank\" rel=\"noopener\">pascal.baldewyns@skynet.be<\/a><\/span><\/li>\n<li>Bart Robenek : <span style=\"color: #0000ff;\"><a style=\"color: #0000ff;\" href=\"mailto:bart.robenek@bnpparibasfortis.com\" target=\"_blank\" rel=\"noopener\">bart.robenek@bnpparibasfortis.com<\/a><\/span><\/li>\n<\/ul>\n<\/li>\n<\/ul>\n<p><\/p>","protected":false},"excerpt":{"rendered":"<p>Le complexe sportif de Boitsfort dispose de 2 terrains de football en parfait \u00e9tat. Il est toujours possible de r\u00e9server un terrain pour une rencontre amicale (moyennant contribution). BNP Paribas Fortis aligne trois \u00e9quipes dans le championnat Interbanques qui est affili\u00e9 \u00e0 l&rsquo;Union Belge de Football. Il y a une \u00e9quipe en division 1 senior [&hellip;]<\/p>\n","protected":false},"author":4,"featured_media":0,"parent":35,"menu_order":16,"comment_status":"closed","ping_status":"closed","template":"","meta":{"site-sidebar-layout":"no-sidebar","site-content-layout":"boxed-container","ast-site-content-layout":"normal-width-container","site-content-style":"boxed","site-sidebar-style":"boxed","ast-global-header-display":"","ast-banner-title-visibility":"","ast-main-header-display":"","ast-hfb-above-header-display":"","ast-hfb-below-header-display":"","ast-hfb-mobile-header-display":"","site-post-title":"","ast-breadcrumbs-content":"","ast-featured-img":"","footer-sml-layout":"","ast-disable-related-posts":"","theme-transparent-header-meta":"default","adv-header-id-meta":"","stick-header-meta":"","header-above-stick-meta":"","header-main-stick-meta":"","header-below-stick-meta":"","astra-migrate-meta-layouts":"set","ast-page-background-enabled":"default","ast-page-background-meta":{"desktop":{"background-color":"var(--ast-global-color-4)","background-image":"","background-repeat":"repeat","background-position":"center center","background-size":"auto","background-attachment":"scroll","background-type":"","background-media":"","overlay-type":"","overlay-color":"","overlay-opacity":"","overlay-gradient":""},"tablet":{"background-color":"","background-image":"","background-repeat":"repeat","background-position":"center center","background-size":"auto","background-attachment":"scroll","background-type":"","background-media":"","overlay-type":"","overlay-color":"","overlay-opacity":"","overlay-gradient":""},"mobile":{"background-color":"","background-image":"","background-repeat":"repeat","background-position":"center center","background-size":"auto","background-attachment":"scroll","background-type":"","background-media":"","overlay-type":"","overlay-color":"","overlay-opacity":"","overlay-gradient":""}},"ast-content-background-meta":{"desktop":{"background-color":"var(--ast-global-color-5)","background-image":"","background-repeat":"repeat","background-position":"center center","background-size":"auto","background-attachment":"scroll","background-type":"","background-media":"","overlay-type":"","overlay-color":"","overlay-opacity":"","overlay-gradient":""},"tablet":{"background-color":"var(--ast-global-color-5)","background-image":"","background-repeat":"repeat","background-position":"center center","background-size":"auto","background-attachment":"scroll","background-type":"","background-media":"","overlay-type":"","overlay-color":"","overlay-opacity":"","overlay-gradient":""},"mobile":{"background-color":"var(--ast-global-color-5)","background-image":"","background-repeat":"repeat","background-position":"center center","background-size":"auto","background-attachment":"scroll","background-type":"","background-media":"","overlay-type":"","overlay-color":"","overlay-opacity":"","overlay-gradient":""}},"_mc_calendar":[],"footnotes":""},"class_list":["post-215","page","type-page","status-publish","hentry"],"_links":{"self":[{"href":"https:\/\/www.csk-wb.be\/fr\/wp-json\/wp\/v2\/pages\/215","targetHints":{"allow":["GET"]}}],"collection":[{"href":"https:\/\/www.csk-wb.be\/fr\/wp-json\/wp\/v2\/pages"}],"about":[{"href":"https:\/\/www.csk-wb.be\/fr\/wp-json\/wp\/v2\/types\/page"}],"author":[{"embeddable":true,"href":"https:\/\/www.csk-wb.be\/fr\/wp-json\/wp\/v2\/users\/4"}],"replies":[{"embeddable":true,"href":"https:\/\/www.csk-wb.be\/fr\/wp-json\/wp\/v2\/comments?post=215"}],"version-history":[{"count":5,"href":"https:\/\/www.csk-wb.be\/fr\/wp-json\/wp\/v2\/pages\/215\/revisions"}],"predecessor-version":[{"id":2312,"href":"https:\/\/www.csk-wb.be\/fr\/wp-json\/wp\/v2\/pages\/215\/revisions\/2312"}],"up":[{"embeddable":true,"href":"https:\/\/www.csk-wb.be\/fr\/wp-json\/wp\/v2\/pages\/35"}],"wp:attachment":[{"href":"https:\/\/www.csk-wb.be\/fr\/wp-json\/wp\/v2\/media?parent=215"}],"curies":[{"name":"wp","href":"https:\/\/api.w.org\/{rel}","templated":true}]}}