{"id":213,"date":"2015-05-12T12:09:39","date_gmt":"2015-05-12T10:09:39","guid":{"rendered":"http:\/\/www.sportkringbnp.be\/?page_id=213"},"modified":"2026-01-14T09:06:48","modified_gmt":"2026-01-14T08:06:48","slug":"tennis","status":"publish","type":"page","link":"https:\/\/www.csk-wb.be\/fr\/afdelingen\/tennis\/","title":{"rendered":"Tennis"},"content":{"rendered":"<p><a href=\"\/wp-content\/uploads\/2015\/05\/tennis.jpg\" rel=\"attachment wp-att-595\"><img loading=\"lazy\" decoding=\"async\" class=\"alignright size-medium wp-image-595\" src=\"\/wp-content\/uploads\/2015\/05\/tennis-300x225.jpg\" alt=\"tennis\" width=\"300\" height=\"225\" srcset=\"https:\/\/www.csk-wb.be\/wp-content\/uploads\/2015\/05\/tennis-300x225.jpg 300w, https:\/\/www.csk-wb.be\/wp-content\/uploads\/2015\/05\/tennis-768x576.jpg 768w, https:\/\/www.csk-wb.be\/wp-content\/uploads\/2015\/05\/tennis.jpg 800w\" sizes=\"auto, (max-width: 300px) 100vw, 300px\" \/><\/a>Le complexe sportif de Boitsfort dispose de 4 terrains en brique pil\u00e9e accessibles tous les jours de la mi-avril \u00e0 fin octobre et 2 \u00ab\u00a0all weather\u00a0\u00bb courts accesibles toute l&rsquo;ann\u00e9e.<\/p>\n<p>Ces terrains peuvent aussi \u00eatre utilis\u00e9s par les enfants et conjoint, moyennant paiement d&rsquo;une cotisation aupr\u00e8s du Cercle Sportif.<\/p>\n<p style=\"text-align: justify;\">Des le\u00e7ons individuelles et collectives sont organis\u00e9es.\u00a0Des championnats Interbanques, interclubs, des tournois open, ainsi que d&rsquo;autres tournois amicaux sont organis\u00e9s. Les personnes d\u00e9sireuses de participer aux Interbanques ou Interclubs sont pri\u00e9es de se faire conna\u00eetre en contactant le secr\u00e9tariat du Cercle Sportif ou du Club avant le 1 mars.<\/p>\n<p><span style=\"color: #0000ff;\"><a style=\"color: #0000ff;\" href=\"https:\/\/www.csk-wb.be\/wp-content\/uploads\/2026\/01\/Tennis-internes-2026.docx\" target=\"_blank\" rel=\"noopener\">Bulletin d&rsquo;inscription tennis 2026\u00a0<\/a><\/span><\/p>\n<hr \/>\n<p><span style=\"color: #000000;\"><strong><span style=\"text-decoration: underline;\">Tournois<\/span> :\u00a0<\/strong><\/span><\/p>\n<ul>\n<li>Simples Messieurs \/ Dames durant le mois de juillet<\/li>\n<li>Doubles et V\u00e9t\u00e9rans durant le mois d&rsquo;ao\u00fbt<\/li>\n<\/ul>\n<hr \/>\n<p><span style=\"color: #000000;\"><strong><span style=\"text-decoration: underline;\">Stage<\/span> :<\/strong><\/span><\/p>\n<p>Des stages de tennis et autres activit\u00e9s pour enfants sont organis\u00e9s\u00a0durant\u00a0les vacances.<\/p>\n<p><span style=\"color: #000000;\">Formulaire d&rsquo;inscription stage<\/span><\/p>\n<hr \/>\n<p><span style=\"color: #000000;\"><strong><span style=\"text-decoration: underline;\">D\u00e9l\u00e9gu\u00e9s<\/span> :<\/strong> <\/span><\/p>\n<ul>\n<li>Adrien Molle : <span style=\"color: #0000ff;\"><a class=\"blur\" style=\"color: #0000ff;\" href=\"mailto:adrien.molle@bnpparibasfortis.com\">adrien.molle@bnpparibasfortis.com<\/a><\/span><\/li>\n<li>Laroy Jean-Marie :\u00a0<span style=\"color: #0000ff;\"><a style=\"color: #0000ff;\" href=\"mailto:jeanmarie.laroy@skynet.be\" target=\"_blank\" rel=\"noopener\">jeanmarie.laroy@skynet.be<\/a><\/span><\/li>\n<li>De Buck Nicolas :\u00a0<span style=\"color: #0000ff;\"><a style=\"color: #0000ff;\" href=\"mailto:nicolas.debuck@bnpparibasfortis.com\" target=\"_blank\" rel=\"noopener\">nicolas.debuck@bnpparibasfortis.com<\/a><\/span> (+32 2 565 33 51)<\/li>\n<li>Bult\u00e9 Michel :\u00a0<span style=\"color: #0000ff;\"><a style=\"color: #0000ff;\" href=\"mailto:michel.bulte@skynet.be\" target=\"_blank\" rel=\"noopener\">michel.bulte@skynet.be<\/a><\/span>\u00a0(+32\u00a0477\/94 83 24)<\/li>\n<\/ul>\n<p><\/p>","protected":false},"excerpt":{"rendered":"<p>Le complexe sportif de Boitsfort dispose de 4 terrains en brique pil\u00e9e accessibles tous les jours de la mi-avril \u00e0 fin octobre et 2 \u00ab\u00a0all weather\u00a0\u00bb courts accesibles toute l&rsquo;ann\u00e9e. Ces terrains peuvent aussi \u00eatre utilis\u00e9s par les enfants et conjoint, moyennant paiement d&rsquo;une cotisation aupr\u00e8s du Cercle Sportif. Des le\u00e7ons individuelles et collectives sont [&hellip;]<\/p>\n","protected":false},"author":4,"featured_media":0,"parent":35,"menu_order":15,"comment_status":"closed","ping_status":"closed","template":"","meta":{"site-sidebar-layout":"no-sidebar","site-content-layout":"boxed-container","ast-site-content-layout":"normal-width-container","site-content-style":"boxed","site-sidebar-style":"boxed","ast-global-header-display":"","ast-banner-title-visibility":"","ast-main-header-display":"","ast-hfb-above-header-display":"","ast-hfb-below-header-display":"","ast-hfb-mobile-header-display":"","site-post-title":"","ast-breadcrumbs-content":"","ast-featured-img":"","footer-sml-layout":"","ast-disable-related-posts":"","theme-transparent-header-meta":"default","adv-header-id-meta":"","stick-header-meta":"","header-above-stick-meta":"","header-main-stick-meta":"","header-below-stick-meta":"","astra-migrate-meta-layouts":"set","ast-page-background-enabled":"default","ast-page-background-meta":{"desktop":{"background-color":"var(--ast-global-color-4)","background-image":"","background-repeat":"repeat","background-position":"center center","background-size":"auto","background-attachment":"scroll","background-type":"","background-media":"","overlay-type":"","overlay-color":"","overlay-opacity":"","overlay-gradient":""},"tablet":{"background-color":"","background-image":"","background-repeat":"repeat","background-position":"center center","background-size":"auto","background-attachment":"scroll","background-type":"","background-media":"","overlay-type":"","overlay-color":"","overlay-opacity":"","overlay-gradient":""},"mobile":{"background-color":"","background-image":"","background-repeat":"repeat","background-position":"center center","background-size":"auto","background-attachment":"scroll","background-type":"","background-media":"","overlay-type":"","overlay-color":"","overlay-opacity":"","overlay-gradient":""}},"ast-content-background-meta":{"desktop":{"background-color":"var(--ast-global-color-5)","background-image":"","background-repeat":"repeat","background-position":"center center","background-size":"auto","background-attachment":"scroll","background-type":"","background-media":"","overlay-type":"","overlay-color":"","overlay-opacity":"","overlay-gradient":""},"tablet":{"background-color":"var(--ast-global-color-5)","background-image":"","background-repeat":"repeat","background-position":"center center","background-size":"auto","background-attachment":"scroll","background-type":"","background-media":"","overlay-type":"","overlay-color":"","overlay-opacity":"","overlay-gradient":""},"mobile":{"background-color":"var(--ast-global-color-5)","background-image":"","background-repeat":"repeat","background-position":"center center","background-size":"auto","background-attachment":"scroll","background-type":"","background-media":"","overlay-type":"","overlay-color":"","overlay-opacity":"","overlay-gradient":""}},"_mc_calendar":[],"footnotes":""},"class_list":["post-213","page","type-page","status-publish","hentry"],"_links":{"self":[{"href":"https:\/\/www.csk-wb.be\/fr\/wp-json\/wp\/v2\/pages\/213","targetHints":{"allow":["GET"]}}],"collection":[{"href":"https:\/\/www.csk-wb.be\/fr\/wp-json\/wp\/v2\/pages"}],"about":[{"href":"https:\/\/www.csk-wb.be\/fr\/wp-json\/wp\/v2\/types\/page"}],"author":[{"embeddable":true,"href":"https:\/\/www.csk-wb.be\/fr\/wp-json\/wp\/v2\/users\/4"}],"replies":[{"embeddable":true,"href":"https:\/\/www.csk-wb.be\/fr\/wp-json\/wp\/v2\/comments?post=213"}],"version-history":[{"count":9,"href":"https:\/\/www.csk-wb.be\/fr\/wp-json\/wp\/v2\/pages\/213\/revisions"}],"predecessor-version":[{"id":2366,"href":"https:\/\/www.csk-wb.be\/fr\/wp-json\/wp\/v2\/pages\/213\/revisions\/2366"}],"up":[{"embeddable":true,"href":"https:\/\/www.csk-wb.be\/fr\/wp-json\/wp\/v2\/pages\/35"}],"wp:attachment":[{"href":"https:\/\/www.csk-wb.be\/fr\/wp-json\/wp\/v2\/media?parent=213"}],"curies":[{"name":"wp","href":"https:\/\/api.w.org\/{rel}","templated":true}]}}