{"id":192,"date":"2015-05-12T11:52:50","date_gmt":"2015-05-12T09:52:50","guid":{"rendered":"http:\/\/www.sportkringbnp.be\/?page_id=192"},"modified":"2026-01-14T14:00:34","modified_gmt":"2026-01-14T13:00:34","slug":"ju-jitsu","status":"publish","type":"page","link":"https:\/\/www.csk-wb.be\/fr\/afdelingen\/ju-jitsu\/","title":{"rendered":"Jiu-Jitsu"},"content":{"rendered":"<p><span style=\"color: #000000;\"><strong><span style=\"text-decoration: underline;\">Horaires des cours<\/span> :<\/strong><\/span><\/p>\n<ul>\n<li>Chaque mardi et jeudi de 12h15 \u00e0 13h15: cours de Jiu-Jitsu avec accent sur l&rsquo;aspect self-d\u00e9fense.<\/li>\n<li>Les cours sont dispens\u00e9s par Olivier Vandecandelaere et Danny van Lieshout, tous deux 1er dan de Jiu-Jitsu.<\/li>\n<\/ul>\n<div id=\"ts-body\">\n<div class=\"css-44 ts-pivot-container\">\n<div id=\"ContentContainer\">\n<div>\n<div>\n<div role=\"tabpanel\" aria-labelledby=\"Pivot0-Tab0\">\n<div class=\"ts-lookup-pivot\">\n<div id=\"Lookup\" class=\"ts-pivot-lookup-component\">\n<div class=\"ms-Grid ts-grid\">\n<div class=\"ms-Grid-row\">\n<div class=\"ts-textfield-container \" lang=\"fr\">\n<div class=\"ts-alignment-view-container\">\n<div id=\"ts-alignment-view-idtgt\" class=\"ts-alignment-view ms-font-m ts-alignment-view-tgt ts-ltr-left-zero\" tabindex=\"0\" aria-hidden=\"false\">\u00c0 partir de la ceinture orange, tout le monde peut participer gratuitement aux formations f\u00e9d\u00e9rales FJJS sur une base mensuelle.<\/div>\n<div tabindex=\"0\" aria-hidden=\"false\"><\/div>\n<\/div>\n<\/div>\n<\/div>\n<\/div>\n<\/div>\n<\/div>\n<\/div>\n<\/div>\n<\/div>\n<\/div>\n<\/div>\n<\/div>\n<hr \/>\n<p><span style=\"text-decoration: underline;\"><strong>Infrastructure<\/strong><\/span> :<\/p>\n<p>Chancellerie B\u00e2timent E<br \/>\nMontagne du Parc 3<br \/>\n1000 Bruxelles<br \/>\nEtage -1\u00a0 (c\u00f4t\u00e9 Parc)<\/p>\n<hr \/>\n<p><span style=\"color: #000000;\"><strong><span style=\"text-decoration: underline;\">D\u00e9l\u00e9gu\u00e9<\/span> :<\/strong><\/span><\/p>\n<ul>\n<li>Olivier Vandecandelaere : <span style=\"color: #0000ff;\"><a class=\"blur\" style=\"color: #0000ff;\" href=\"mailto:olivier.vandecandelaere@bnpparibasfortis.com\" target=\"_blank\" rel=\"noopener\">olivier.vandecandelaere@bnpparibasfortis.com<\/a><\/span><\/li>\n<li>Danny van Lieshout\u00a0: <span style=\"color: #0000ff;\"><a style=\"color: #0000ff;\" href=\"mailto:danny.vanlieshout@bnpparibasfortis.com\">danny.vanlieshout@bnpparibasfortis.com<\/a><\/span><\/li>\n<\/ul>\n<p><\/p>","protected":false},"excerpt":{"rendered":"<p>Horaires des cours : Chaque mardi et jeudi de 12h15 \u00e0 13h15: cours de Jiu-Jitsu avec accent sur l&rsquo;aspect self-d\u00e9fense. Les cours sont dispens\u00e9s par Olivier Vandecandelaere et Danny van Lieshout, tous deux 1er dan de Jiu-Jitsu. \u00c0 partir de la ceinture orange, tout le monde peut participer gratuitement aux formations f\u00e9d\u00e9rales FJJS sur une [&hellip;]<\/p>\n","protected":false},"author":4,"featured_media":0,"parent":35,"menu_order":8,"comment_status":"closed","ping_status":"closed","template":"","meta":{"site-sidebar-layout":"no-sidebar","site-content-layout":"boxed-container","ast-site-content-layout":"normal-width-container","site-content-style":"boxed","site-sidebar-style":"boxed","ast-global-header-display":"","ast-banner-title-visibility":"","ast-main-header-display":"","ast-hfb-above-header-display":"","ast-hfb-below-header-display":"","ast-hfb-mobile-header-display":"","site-post-title":"","ast-breadcrumbs-content":"","ast-featured-img":"","footer-sml-layout":"","ast-disable-related-posts":"","theme-transparent-header-meta":"default","adv-header-id-meta":"","stick-header-meta":"","header-above-stick-meta":"","header-main-stick-meta":"","header-below-stick-meta":"","astra-migrate-meta-layouts":"set","ast-page-background-enabled":"default","ast-page-background-meta":{"desktop":{"background-color":"var(--ast-global-color-4)","background-image":"","background-repeat":"repeat","background-position":"center center","background-size":"auto","background-attachment":"scroll","background-type":"","background-media":"","overlay-type":"","overlay-color":"","overlay-opacity":"","overlay-gradient":""},"tablet":{"background-color":"","background-image":"","background-repeat":"repeat","background-position":"center center","background-size":"auto","background-attachment":"scroll","background-type":"","background-media":"","overlay-type":"","overlay-color":"","overlay-opacity":"","overlay-gradient":""},"mobile":{"background-color":"","background-image":"","background-repeat":"repeat","background-position":"center center","background-size":"auto","background-attachment":"scroll","background-type":"","background-media":"","overlay-type":"","overlay-color":"","overlay-opacity":"","overlay-gradient":""}},"ast-content-background-meta":{"desktop":{"background-color":"var(--ast-global-color-5)","background-image":"","background-repeat":"repeat","background-position":"center center","background-size":"auto","background-attachment":"scroll","background-type":"","background-media":"","overlay-type":"","overlay-color":"","overlay-opacity":"","overlay-gradient":""},"tablet":{"background-color":"var(--ast-global-color-5)","background-image":"","background-repeat":"repeat","background-position":"center center","background-size":"auto","background-attachment":"scroll","background-type":"","background-media":"","overlay-type":"","overlay-color":"","overlay-opacity":"","overlay-gradient":""},"mobile":{"background-color":"var(--ast-global-color-5)","background-image":"","background-repeat":"repeat","background-position":"center center","background-size":"auto","background-attachment":"scroll","background-type":"","background-media":"","overlay-type":"","overlay-color":"","overlay-opacity":"","overlay-gradient":""}},"_mc_calendar":[],"footnotes":""},"class_list":["post-192","page","type-page","status-publish","hentry"],"_links":{"self":[{"href":"https:\/\/www.csk-wb.be\/fr\/wp-json\/wp\/v2\/pages\/192","targetHints":{"allow":["GET"]}}],"collection":[{"href":"https:\/\/www.csk-wb.be\/fr\/wp-json\/wp\/v2\/pages"}],"about":[{"href":"https:\/\/www.csk-wb.be\/fr\/wp-json\/wp\/v2\/types\/page"}],"author":[{"embeddable":true,"href":"https:\/\/www.csk-wb.be\/fr\/wp-json\/wp\/v2\/users\/4"}],"replies":[{"embeddable":true,"href":"https:\/\/www.csk-wb.be\/fr\/wp-json\/wp\/v2\/comments?post=192"}],"version-history":[{"count":13,"href":"https:\/\/www.csk-wb.be\/fr\/wp-json\/wp\/v2\/pages\/192\/revisions"}],"predecessor-version":[{"id":2367,"href":"https:\/\/www.csk-wb.be\/fr\/wp-json\/wp\/v2\/pages\/192\/revisions\/2367"}],"up":[{"embeddable":true,"href":"https:\/\/www.csk-wb.be\/fr\/wp-json\/wp\/v2\/pages\/35"}],"wp:attachment":[{"href":"https:\/\/www.csk-wb.be\/fr\/wp-json\/wp\/v2\/media?parent=192"}],"curies":[{"name":"wp","href":"https:\/\/api.w.org\/{rel}","templated":true}]}}