{"id":188,"date":"2015-05-12T11:51:10","date_gmt":"2015-05-12T09:51:10","guid":{"rendered":"http:\/\/www.sportkringbnp.be\/?page_id=188"},"modified":"2023-07-28T18:58:02","modified_gmt":"2023-07-28T16:58:02","slug":"fitness","status":"publish","type":"page","link":"https:\/\/www.csk-wb.be\/fr\/afdelingen\/fitness\/","title":{"rendered":"Fitness"},"content":{"rendered":"<p>Seuls les membres du personnel de BNP Paribas Fortis, qui sont \u00e9galement membres du Cercle Sportif, peuvent profiter des taux Corporate des centres participants. Le partenaire et les enfants habitant \u00e0 la m\u00eame adresse peuvent \u00e9galement profiter du m\u00eame tarif \u00e0 la condition que le membre du personnel soit membre du Cercle Sportif.<\/p>\n<p><span style=\"color: #000000;\"><strong><span style=\"text-decoration: underline;\">Les centres de fitness participants<\/span> :<\/strong><\/span><\/p>\n<p><strong><span style=\"color: #008080;\">ASPRIA<\/span><\/strong><\/p>\n<p><em>Conditions tarifaires Gold 2016<\/em><\/p>\n<p><span style=\"text-decoration: underline;\">Aspria Brussels\u00a0Royal La Rasante<\/span><br \/>\nJoining\u00a0fee :\u00a0\u00a0 100,00 \u20ac<br \/>\nMonthly fee :\u00a0 174,00 \u20ac<br \/>\nAnnual fee :\u00a0\u00a0 1.914,00 \u20ac<\/p>\n<p><span style=\"text-decoration: underline;\">Aspria Brussels Arts-Loi<\/span><br \/>\nJoining\u00a0fee :\u00a0\u00a0 150,00 \u20ac<br \/>\nMonthly fee :\u00a0 135,00 \u20ac<br \/>\nAnnual fee :\u00a0\u00a0 1.485,00 \u20ac<\/p>\n<p><span style=\"text-decoration: underline;\">Aspria Louise<\/span><br \/>\nJoining\u00a0fee :\u00a0\u00a0 250,00 \u20ac<br \/>\nMonthly fee :\u00a0 218,00 \u20ac<br \/>\nAnnual fee :\u00a0\u00a0 2.398,00 \u20ac<\/p>\n<p>Rendez-vous via <a href=\"mailto:corporate@aspria.be\" target=\"_blank\" rel=\"noopener\">corporate@aspria.be<\/a> ou +32 2 508 08 12.<\/p>\n<hr \/>\n<p><span style=\"color: #008080;\"><strong>B HEALTHY<\/strong><\/span><\/p>\n<p>Les membres du Cercle Sportif b\u00e9n\u00e9ficient d&rsquo;une<strong> r\u00e9duction de 15%<\/strong> sur tout suivi de personal training (tous les objectifs) et\u00a0sur le programme amincissement et tonification par la correction alimentaire et l&rsquo;activit\u00e9 physique sp\u00e9cifique <strong>\u00ab\u00a0M.T. Re-Size\u00a0\u00bb.<\/strong><\/p>\n<p><strong>Les tarifs sur lesquels les membres ont 15% de r\u00e9duction: <\/strong><\/p>\n<ul>\n<li><a href=\"\/wp-content\/uploads\/2015\/05\/Bhealthy-Studio-Sablon.pdf\" target=\"_blank\" rel=\"noopener\">B healthy Studio Sablon<\/a><\/li>\n<li><a href=\"\/wp-content\/uploads\/2015\/05\/PERSONAL-TRAINING.pdf\" target=\"_blank\" rel=\"noopener\">Personal training<\/a><\/li>\n<li><a href=\"\/wp-content\/uploads\/2015\/05\/TARIFS-M.T.-Re-Size.pdf\" target=\"_blank\" rel=\"noopener\">M.T. Re-Size<\/a><\/li>\n<\/ul>\n<hr \/>\n<p><strong><span style=\"color: #008080;\">HEALTH CITY<\/span><\/strong><\/p>\n<p>Adresses des <a href=\"\/wp-content\/uploads\/2015\/05\/heamlth-city.pdf\" target=\"_blank\" rel=\"noopener\">centres<\/a>.<\/p>\n<hr \/>\n<p><strong><span style=\"color: #008080;\">KINEO<\/span><\/strong><\/p>\n<p>Kineo\u00a0Limelette Centre Fitness : 5% de r\u00e9duction pour les membres du Cercle Sportif.<\/p>\n<p>Adresse :<br \/>\nRue A Haulotte 56<br \/>\n1342 Limelette<\/p>\n<hr \/>\n<p><strong><span style=\"color: #008080;\">SPORTVILLAGE LASNE<\/span><\/strong><\/p>\n<p>Conditions Corporate<\/p>\n<p>En tant que membre du personnel de BNP Paribas Fortis, vous b\u00e9n\u00e9ficiez d&rsquo;un tarif privil\u00e9gi\u00e9 sur les abonnements \u00ab All In \u00bb, \u00e0 savoir :<\/p>\n<p>Titulaire : 700 \u20ac au lieu de 920 \u20ac + 180 \u20ac droit d\u2019entr\u00e9e.<br \/>\nConjoint : 700 \u20ac au lieu de 770 \u20ac + 120 \u20ac droit d\u2019entr\u00e9e.<br \/>\nEnfant 12-16 ans : 450 \u20ac<br \/>\nEnfant &lt;12 ans : 350 \u20ac<\/p>\n<hr \/>\n<p><strong><span style=\"color: #008080;\">STADIUM<\/span><\/strong><\/p>\n<hr \/>\n<p><strong><span style=\"color: #008080;\">WINNER&rsquo;S<\/span><\/strong><\/p>\n<p>Le Winner\u2019s vous offre une semaine de Functional Training ou Cross Power Fit gratuite ainsi qu&rsquo;\u00e0 vos amis, famille ou connaissances.<\/p>\n<p>Il vous suffit de vous rendre sur\u00a0le site <a href=\"http:\/\/www.winnersclub.be\/\" target=\"_blank\" rel=\"noopener\">http:\/\/www.winnersclub.be<\/a> et de vous enregistrer en ligne. Vous pourrez ensuite r\u00e9server les s\u00e9ances de votre choix par internet.<\/p>\n<hr \/>\n<p><strong><span style=\"color: #008080;\">WORLDCLASS<\/span><\/strong><\/p>\n<p><a href=\"\/wp-content\/uploads\/2015\/05\/WOLRDCLASS.pdf\" target=\"_blank\" rel=\"noopener\">Conditions corporate<\/a> jusqu&rsquo;au 1er juillet 2016.<\/p>\n<hr \/>\n<p><span style=\"color: #000000;\"><strong><span style=\"text-decoration: underline;\">D\u00e9l\u00e9gu\u00e9<\/span> :<\/strong><\/span><\/p>\n<ul>\n<li><a href=\"mailto:csk.3ti@gmail.com\" target=\"_blank\" rel=\"noopener\">Cercle Sportif<\/a><\/li>\n<\/ul>\n<p><\/p>","protected":false},"excerpt":{"rendered":"<p>Seuls les membres du personnel de BNP Paribas Fortis, qui sont \u00e9galement membres du Cercle Sportif, peuvent profiter des taux Corporate des centres participants. Le partenaire et les enfants habitant \u00e0 la m\u00eame adresse peuvent \u00e9galement profiter du m\u00eame tarif \u00e0 la condition que le membre du personnel soit membre du Cercle Sportif. Les centres [&hellip;]<\/p>\n","protected":false},"author":4,"featured_media":0,"parent":35,"menu_order":6,"comment_status":"closed","ping_status":"closed","template":"","meta":{"site-sidebar-layout":"no-sidebar","site-content-layout":"boxed-container","ast-site-content-layout":"default","site-content-style":"default","site-sidebar-style":"default","ast-global-header-display":"","ast-banner-title-visibility":"","ast-main-header-display":"","ast-hfb-above-header-display":"","ast-hfb-below-header-display":"","ast-hfb-mobile-header-display":"","site-post-title":"","ast-breadcrumbs-content":"","ast-featured-img":"","footer-sml-layout":"","ast-disable-related-posts":"","theme-transparent-header-meta":"default","adv-header-id-meta":"","stick-header-meta":"","header-above-stick-meta":"","header-main-stick-meta":"","header-below-stick-meta":"","astra-migrate-meta-layouts":"default","ast-page-background-enabled":"default","ast-page-background-meta":{"desktop":{"background-color":"var(--ast-global-color-4)","background-image":"","background-repeat":"repeat","background-position":"center center","background-size":"auto","background-attachment":"scroll","background-type":"","background-media":"","overlay-type":"","overlay-color":"","overlay-opacity":"","overlay-gradient":""},"tablet":{"background-color":"","background-image":"","background-repeat":"repeat","background-position":"center center","background-size":"auto","background-attachment":"scroll","background-type":"","background-media":"","overlay-type":"","overlay-color":"","overlay-opacity":"","overlay-gradient":""},"mobile":{"background-color":"","background-image":"","background-repeat":"repeat","background-position":"center center","background-size":"auto","background-attachment":"scroll","background-type":"","background-media":"","overlay-type":"","overlay-color":"","overlay-opacity":"","overlay-gradient":""}},"ast-content-background-meta":{"desktop":{"background-color":"var(--ast-global-color-5)","background-image":"","background-repeat":"repeat","background-position":"center center","background-size":"auto","background-attachment":"scroll","background-type":"","background-media":"","overlay-type":"","overlay-color":"","overlay-opacity":"","overlay-gradient":""},"tablet":{"background-color":"var(--ast-global-color-5)","background-image":"","background-repeat":"repeat","background-position":"center center","background-size":"auto","background-attachment":"scroll","background-type":"","background-media":"","overlay-type":"","overlay-color":"","overlay-opacity":"","overlay-gradient":""},"mobile":{"background-color":"var(--ast-global-color-5)","background-image":"","background-repeat":"repeat","background-position":"center center","background-size":"auto","background-attachment":"scroll","background-type":"","background-media":"","overlay-type":"","overlay-color":"","overlay-opacity":"","overlay-gradient":""}},"_mc_calendar":[],"footnotes":""},"class_list":["post-188","page","type-page","status-publish","hentry"],"_links":{"self":[{"href":"https:\/\/www.csk-wb.be\/fr\/wp-json\/wp\/v2\/pages\/188","targetHints":{"allow":["GET"]}}],"collection":[{"href":"https:\/\/www.csk-wb.be\/fr\/wp-json\/wp\/v2\/pages"}],"about":[{"href":"https:\/\/www.csk-wb.be\/fr\/wp-json\/wp\/v2\/types\/page"}],"author":[{"embeddable":true,"href":"https:\/\/www.csk-wb.be\/fr\/wp-json\/wp\/v2\/users\/4"}],"replies":[{"embeddable":true,"href":"https:\/\/www.csk-wb.be\/fr\/wp-json\/wp\/v2\/comments?post=188"}],"version-history":[{"count":6,"href":"https:\/\/www.csk-wb.be\/fr\/wp-json\/wp\/v2\/pages\/188\/revisions"}],"predecessor-version":[{"id":2030,"href":"https:\/\/www.csk-wb.be\/fr\/wp-json\/wp\/v2\/pages\/188\/revisions\/2030"}],"up":[{"embeddable":true,"href":"https:\/\/www.csk-wb.be\/fr\/wp-json\/wp\/v2\/pages\/35"}],"wp:attachment":[{"href":"https:\/\/www.csk-wb.be\/fr\/wp-json\/wp\/v2\/media?parent=188"}],"curies":[{"name":"wp","href":"https:\/\/api.w.org\/{rel}","templated":true}]}}