{"id":152,"date":"2015-05-07T14:03:21","date_gmt":"2015-05-07T12:03:21","guid":{"rendered":"http:\/\/www.sportkringbnp.be\/?page_id=152"},"modified":"2026-02-13T15:38:14","modified_gmt":"2026-02-13T14:38:14","slug":"biljart","status":"publish","type":"page","link":"https:\/\/www.csk-wb.be\/fr\/afdelingen\/biljart\/","title":{"rendered":"Billard"},"content":{"rendered":"<p><a href=\"\/wp-content\/uploads\/2015\/05\/billard2.jpg\" rel=\"attachment wp-att-888\"><img loading=\"lazy\" decoding=\"async\" class=\"alignnone size-medium wp-image-888\" src=\"\/wp-content\/uploads\/2015\/05\/billard2-300x300.jpg\" alt=\"billard2\" width=\"300\" height=\"300\" srcset=\"https:\/\/www.csk-wb.be\/wp-content\/uploads\/2015\/05\/billard2-300x300.jpg 300w, https:\/\/www.csk-wb.be\/wp-content\/uploads\/2015\/05\/billard2-150x150.jpg 150w, https:\/\/www.csk-wb.be\/wp-content\/uploads\/2015\/05\/billard2.jpg 512w\" sizes=\"auto, (max-width: 300px) 100vw, 300px\" \/><\/a> \u00a0 <a href=\"\/wp-content\/uploads\/2015\/05\/billard1.jpg\" rel=\"attachment wp-att-887\"><img loading=\"lazy\" decoding=\"async\" class=\"alignnone size-medium wp-image-887\" src=\"\/wp-content\/uploads\/2015\/05\/billard1-300x300.jpg\" alt=\"billard1\" width=\"300\" height=\"300\" srcset=\"https:\/\/www.csk-wb.be\/wp-content\/uploads\/2015\/05\/billard1-300x300.jpg 300w, https:\/\/www.csk-wb.be\/wp-content\/uploads\/2015\/05\/billard1-150x150.jpg 150w, https:\/\/www.csk-wb.be\/wp-content\/uploads\/2015\/05\/billard1.jpg 512w\" sizes=\"auto, (max-width: 300px) 100vw, 300px\" \/><\/a><\/p>\n<p><strong><span style=\"text-decoration: underline;\"><span style=\"color: #000000; text-decoration: underline;\">Activit\u00e9s<\/span><\/span><span style=\"color: #000000;\">\u00a0<\/span><\/strong><br \/>\nParticipation \u00e0 diff\u00e9rents challenges et rencontres interclubs.<\/p>\n<hr \/>\n<table style=\"border-collapse: collapse;\">\n<tbody>\n<tr>\n<td colspan=\"2\"><strong>Concours Social 2025 &#8211; 2026<\/strong><\/td>\n<\/tr>\n<tr>\n<td><strong>1er<\/strong><\/td>\n<td><strong><b>JAUNIAUX Patrick<\/b><\/strong><\/p>\n<p><img loading=\"lazy\" decoding=\"async\" class=\"alignnone size-medium wp-image-2371\" src=\"https:\/\/www.csk-wb.be\/wp-content\/uploads\/2026\/02\/Picture1-300x200.jpg\" alt=\"\" width=\"300\" height=\"200\" srcset=\"https:\/\/www.csk-wb.be\/wp-content\/uploads\/2026\/02\/Picture1-300x200.jpg 300w, https:\/\/www.csk-wb.be\/wp-content\/uploads\/2026\/02\/Picture1.jpg 518w\" sizes=\"auto, (max-width: 300px) 100vw, 300px\" \/><\/td>\n<\/tr>\n<tr>\n<td><strong>2\u00e8me<\/strong><\/td>\n<td><strong>D&rsquo;HONT Philippe<\/strong><\/p>\n<p><img loading=\"lazy\" decoding=\"async\" class=\"alignnone size-medium wp-image-2372\" src=\"https:\/\/www.csk-wb.be\/wp-content\/uploads\/2026\/02\/Picture2-300x200.jpg\" alt=\"\" width=\"300\" height=\"200\" srcset=\"https:\/\/www.csk-wb.be\/wp-content\/uploads\/2026\/02\/Picture2-300x200.jpg 300w, https:\/\/www.csk-wb.be\/wp-content\/uploads\/2026\/02\/Picture2.jpg 516w\" sizes=\"auto, (max-width: 300px) 100vw, 300px\" \/><\/td>\n<\/tr>\n<tr>\n<td><strong>3\u00e8me<\/strong><\/td>\n<td><strong>TOURLOUSSE Robert<\/strong><\/p>\n<p><img loading=\"lazy\" decoding=\"async\" class=\"alignnone size-medium wp-image-2373\" src=\"https:\/\/www.csk-wb.be\/wp-content\/uploads\/2026\/02\/Picture3-300x200.jpg\" alt=\"\" width=\"300\" height=\"200\" srcset=\"https:\/\/www.csk-wb.be\/wp-content\/uploads\/2026\/02\/Picture3-300x200.jpg 300w, https:\/\/www.csk-wb.be\/wp-content\/uploads\/2026\/02\/Picture3.jpg 527w\" sizes=\"auto, (max-width: 300px) 100vw, 300px\" \/><\/td>\n<\/tr>\n<tr>\n<td><strong>4\u00e8me<\/strong><\/td>\n<td><strong>LEGROS Patrick<\/strong><\/p>\n<p><img loading=\"lazy\" decoding=\"async\" class=\"alignnone size-medium wp-image-2374\" src=\"https:\/\/www.csk-wb.be\/wp-content\/uploads\/2026\/02\/Picture4-300x200.jpg\" alt=\"\" width=\"300\" height=\"200\" srcset=\"https:\/\/www.csk-wb.be\/wp-content\/uploads\/2026\/02\/Picture4-300x200.jpg 300w, https:\/\/www.csk-wb.be\/wp-content\/uploads\/2026\/02\/Picture4.jpg 515w\" sizes=\"auto, (max-width: 300px) 100vw, 300px\" \/><\/td>\n<\/tr>\n<\/tbody>\n<\/table>\n<table style=\"border-collapse: collapse;\">\n<tbody>\n<tr>\n<td colspan=\"2\"><strong style=\"font-size: 16px; font-style: normal;\">Cadre 38\/2<\/strong><\/td>\n<\/tr>\n<tr>\n<td><strong>1er<\/strong><\/td>\n<td><strong>TOURLOUSSE Robert<\/strong><\/td>\n<\/tr>\n<tr>\n<td><strong>2\u00e8me<\/strong><\/td>\n<td><strong>KNOCKAERT Jacques<\/strong><\/td>\n<\/tr>\n<tr>\n<td><strong>3\u00e8me<\/strong><\/td>\n<td><strong>LEGROS Patrick<\/strong><\/td>\n<\/tr>\n<tr>\n<td><strong>4\u00e8me<\/strong><\/td>\n<td><b>JAUNIAUX Patrick<\/b><\/td>\n<\/tr>\n<\/tbody>\n<\/table>\n<p><img loading=\"lazy\" decoding=\"async\" class=\"alignnone size-medium wp-image-2288\" src=\"https:\/\/www.csk-wb.be\/wp-content\/uploads\/2025\/06\/Biljart_25-300x199.jpg\" alt=\"\" width=\"300\" height=\"199\" srcset=\"https:\/\/www.csk-wb.be\/wp-content\/uploads\/2025\/06\/Biljart_25-300x199.jpg 300w, https:\/\/www.csk-wb.be\/wp-content\/uploads\/2025\/06\/Biljart_25.jpg 756w\" sizes=\"auto, (max-width: 300px) 100vw, 300px\" \/><\/p>\n<p><strong>Match Amical contre BC Wavre<\/strong><\/p>\n<p>BC WAVRE 4 victoires \/\u00a0 1 Nul\u00a0:\u00a0 20,5 Points<br \/>\nBNPPBF 7 victoires \/\u00a0 1 Nul\u00a0;\u00a0 \u00a034,5 Points<\/p>\n<p><strong>POURSUITE par \u00e9quipe \u00e0 la BANDE<\/strong><\/p>\n<table style=\"border-collapse: collapse;\">\n<tbody>\n<tr>\n<td><strong>1er<\/strong><\/td>\n<td><strong>KNOCKAERT &#8211; JAUNIAUX <\/strong><\/td>\n<\/tr>\n<tr>\n<td><strong>2\u00e8me<\/strong><\/td>\n<td><strong>CORDEMANS &#8211; NAKOS<\/strong><\/td>\n<\/tr>\n<tr>\n<td><strong>3\u00e8me<\/strong><\/td>\n<td><strong>TOURLOUSSE \u2013 DUCHATEAU<\/strong><\/td>\n<\/tr>\n<\/tbody>\n<\/table>\n<p><img loading=\"lazy\" decoding=\"async\" class=\"alignnone size-medium wp-image-2291\" src=\"https:\/\/www.csk-wb.be\/wp-content\/uploads\/2025\/06\/Picture4-300x194.jpg\" alt=\"\" width=\"300\" height=\"194\" srcset=\"https:\/\/www.csk-wb.be\/wp-content\/uploads\/2025\/06\/Picture4-300x194.jpg 300w, https:\/\/www.csk-wb.be\/wp-content\/uploads\/2025\/06\/Picture4-768x497.jpg 768w, https:\/\/www.csk-wb.be\/wp-content\/uploads\/2025\/06\/Picture4.jpg 823w\" sizes=\"auto, (max-width: 300px) 100vw, 300px\" \/> <img loading=\"lazy\" decoding=\"async\" class=\"alignnone size-medium wp-image-2290\" src=\"https:\/\/www.csk-wb.be\/wp-content\/uploads\/2025\/06\/Picture3-260x300.jpg\" alt=\"\" width=\"260\" height=\"300\" srcset=\"https:\/\/www.csk-wb.be\/wp-content\/uploads\/2025\/06\/Picture3-260x300.jpg 260w, https:\/\/www.csk-wb.be\/wp-content\/uploads\/2025\/06\/Picture3.jpg 433w\" sizes=\"auto, (max-width: 260px) 100vw, 260px\" \/> <img loading=\"lazy\" decoding=\"async\" class=\"alignnone size-medium wp-image-2289\" src=\"https:\/\/www.csk-wb.be\/wp-content\/uploads\/2025\/06\/Picture2-239x300.jpg\" alt=\"\" width=\"239\" height=\"300\" srcset=\"https:\/\/www.csk-wb.be\/wp-content\/uploads\/2025\/06\/Picture2-239x300.jpg 239w, https:\/\/www.csk-wb.be\/wp-content\/uploads\/2025\/06\/Picture2.jpg 399w\" sizes=\"auto, (max-width: 239px) 100vw, 239px\" \/><\/p>\n<p>&nbsp;<\/p>\n<hr \/>\n<p><span style=\"text-decoration: underline;\"><strong>Infos<\/strong><\/span><\/p>\n<p>La salle de billard se trouve au 2<sup>\u00e8me<\/sup> \u00e9tage du Chalet situ\u00e9\u00a022 avenue de l\u2019Arbal\u00e8te \u00e0 1170 Watermael-Boitsfort.<\/p>\n<p>Les matchs de championnat ont lieu les mardi et jeudi apr\u00e8s-midi.<br \/>\nLes entra\u00eenements ont lieu tous les autres jours d\u2019ouverture. <span style=\"color: #ff0000;\">Except\u00e9 le dimanche apr\u00e8s-midi r\u00e9serv\u00e9 au Bridge.<\/span><br \/>\nSi vous \u00eates int\u00e9ress\u00e9(e), contactez nous par mail ou sur place dans la salle de billard.<\/p>\n<p>Documentation sur <span style=\"color: #0000ff;\"><a style=\"color: #0000ff;\" href=\"https:\/\/www.csk-wb.be\/wp-content\/uploads\/2025\/06\/Les-bienfaits-de-la-pratique-du-billard.docx\" target=\"_blank\" rel=\"noopener\">les bienfaits de la pratique du billard<\/a><\/span>.<\/p>\n<p><a href=\"\/wp-content\/uploads\/2015\/05\/finale1.jpg\" rel=\"attachment wp-att-996\"><img loading=\"lazy\" decoding=\"async\" class=\"alignnone size-medium wp-image-996\" src=\"\/wp-content\/uploads\/2015\/05\/finale1-300x300.jpg\" alt=\"finale1\" width=\"300\" height=\"300\" srcset=\"https:\/\/www.csk-wb.be\/wp-content\/uploads\/2015\/05\/finale1-300x300.jpg 300w, https:\/\/www.csk-wb.be\/wp-content\/uploads\/2015\/05\/finale1-150x150.jpg 150w, https:\/\/www.csk-wb.be\/wp-content\/uploads\/2015\/05\/finale1.jpg 512w\" sizes=\"auto, (max-width: 300px) 100vw, 300px\" \/><\/a> <a href=\"\/wp-content\/uploads\/2015\/05\/finale2.jpg\" rel=\"attachment wp-att-997\"><img loading=\"lazy\" decoding=\"async\" class=\"alignnone size-medium wp-image-997\" src=\"\/wp-content\/uploads\/2015\/05\/finale2-300x300.jpg\" alt=\"finale2\" width=\"300\" height=\"300\" srcset=\"https:\/\/www.csk-wb.be\/wp-content\/uploads\/2015\/05\/finale2-300x300.jpg 300w, https:\/\/www.csk-wb.be\/wp-content\/uploads\/2015\/05\/finale2-150x150.jpg 150w, https:\/\/www.csk-wb.be\/wp-content\/uploads\/2015\/05\/finale2.jpg 512w\" sizes=\"auto, (max-width: 300px) 100vw, 300px\" \/><\/a><\/p>\n<p><a href=\"\/wp-content\/uploads\/2015\/05\/finale3.jpg\" rel=\"attachment wp-att-998\"><img loading=\"lazy\" decoding=\"async\" class=\"alignnone size-medium wp-image-998\" src=\"\/wp-content\/uploads\/2015\/05\/finale3-300x199.jpg\" alt=\"finale3\" width=\"300\" height=\"199\" srcset=\"https:\/\/www.csk-wb.be\/wp-content\/uploads\/2015\/05\/finale3-300x199.jpg 300w, https:\/\/www.csk-wb.be\/wp-content\/uploads\/2015\/05\/finale3-1024x680.jpg 1024w, https:\/\/www.csk-wb.be\/wp-content\/uploads\/2015\/05\/finale3-768x510.jpg 768w, https:\/\/www.csk-wb.be\/wp-content\/uploads\/2015\/05\/finale3-1536x1020.jpg 1536w, https:\/\/www.csk-wb.be\/wp-content\/uploads\/2015\/05\/finale3.jpg 1906w\" sizes=\"auto, (max-width: 300px) 100vw, 300px\" \/><\/a> <a href=\"\/wp-content\/uploads\/2015\/05\/finale4.jpg\" rel=\"attachment wp-att-999\"><img loading=\"lazy\" decoding=\"async\" class=\"alignnone size-medium wp-image-999\" src=\"\/wp-content\/uploads\/2015\/05\/finale4-300x199.jpg\" alt=\"finale4\" width=\"300\" height=\"199\" srcset=\"https:\/\/www.csk-wb.be\/wp-content\/uploads\/2015\/05\/finale4-300x199.jpg 300w, https:\/\/www.csk-wb.be\/wp-content\/uploads\/2015\/05\/finale4-1024x680.jpg 1024w, https:\/\/www.csk-wb.be\/wp-content\/uploads\/2015\/05\/finale4-768x510.jpg 768w, https:\/\/www.csk-wb.be\/wp-content\/uploads\/2015\/05\/finale4-1536x1020.jpg 1536w, https:\/\/www.csk-wb.be\/wp-content\/uploads\/2015\/05\/finale4.jpg 1906w\" sizes=\"auto, (max-width: 300px) 100vw, 300px\" \/><\/a><\/p>\n<p><img loading=\"lazy\" decoding=\"async\" class=\"alignnone size-medium wp-image-1000\" style=\"font-weight: inherit;\" src=\"\/wp-content\/uploads\/2015\/05\/finale4b-300x199.jpg\" alt=\"finale4b\" width=\"300\" height=\"199\" srcset=\"https:\/\/www.csk-wb.be\/wp-content\/uploads\/2015\/05\/finale4b-300x199.jpg 300w, https:\/\/www.csk-wb.be\/wp-content\/uploads\/2015\/05\/finale4b-1024x680.jpg 1024w, https:\/\/www.csk-wb.be\/wp-content\/uploads\/2015\/05\/finale4b-768x510.jpg 768w, https:\/\/www.csk-wb.be\/wp-content\/uploads\/2015\/05\/finale4b-1536x1020.jpg 1536w, https:\/\/www.csk-wb.be\/wp-content\/uploads\/2015\/05\/finale4b.jpg 1906w\" sizes=\"auto, (max-width: 300px) 100vw, 300px\" \/> <a href=\"\/wp-content\/uploads\/2015\/05\/finale5.jpg\" rel=\"attachment wp-att-1001\"><img loading=\"lazy\" decoding=\"async\" class=\"alignnone size-medium wp-image-1001\" src=\"\/wp-content\/uploads\/2015\/05\/finale5-300x199.jpg\" alt=\"finale5\" width=\"300\" height=\"199\" srcset=\"https:\/\/www.csk-wb.be\/wp-content\/uploads\/2015\/05\/finale5-300x199.jpg 300w, https:\/\/www.csk-wb.be\/wp-content\/uploads\/2015\/05\/finale5-1024x680.jpg 1024w, https:\/\/www.csk-wb.be\/wp-content\/uploads\/2015\/05\/finale5-768x510.jpg 768w, https:\/\/www.csk-wb.be\/wp-content\/uploads\/2015\/05\/finale5-1536x1020.jpg 1536w, https:\/\/www.csk-wb.be\/wp-content\/uploads\/2015\/05\/finale5.jpg 1906w\" sizes=\"auto, (max-width: 300px) 100vw, 300px\" \/><\/a><\/p>\n<p><a style=\"font-size: 16px; font-style: normal; font-weight: 400; color: #3a3a3a;\" href=\"\/wp-content\/uploads\/2015\/05\/billard6.jpg\" rel=\"attachment wp-att-952\"><img loading=\"lazy\" decoding=\"async\" class=\"alignnone size-medium wp-image-952\" src=\"\/wp-content\/uploads\/2015\/05\/billard6-199x300.jpg\" alt=\"billard6\" width=\"199\" height=\"300\" srcset=\"https:\/\/www.csk-wb.be\/wp-content\/uploads\/2015\/05\/billard6-199x300.jpg 199w, https:\/\/www.csk-wb.be\/wp-content\/uploads\/2015\/05\/billard6-680x1024.jpg 680w, https:\/\/www.csk-wb.be\/wp-content\/uploads\/2015\/05\/billard6-768x1157.jpg 768w, https:\/\/www.csk-wb.be\/wp-content\/uploads\/2015\/05\/billard6.jpg 840w\" sizes=\"auto, (max-width: 199px) 100vw, 199px\" \/> <\/a><img loading=\"lazy\" decoding=\"async\" class=\"alignnone size-medium wp-image-951\" style=\"font-style: inherit; font-weight: inherit;\" src=\"\/wp-content\/uploads\/2015\/05\/billard5-199x300.jpg\" alt=\"billard5\" width=\"199\" height=\"300\" srcset=\"https:\/\/www.csk-wb.be\/wp-content\/uploads\/2015\/05\/billard5-199x300.jpg 199w, https:\/\/www.csk-wb.be\/wp-content\/uploads\/2015\/05\/billard5-680x1024.jpg 680w, https:\/\/www.csk-wb.be\/wp-content\/uploads\/2015\/05\/billard5-768x1157.jpg 768w, https:\/\/www.csk-wb.be\/wp-content\/uploads\/2015\/05\/billard5.jpg 840w\" sizes=\"auto, (max-width: 199px) 100vw, 199px\" \/><span style=\"font-size: 16px;\">\u00a0<\/span><a style=\"font-size: 16px; background-color: #ffffff;\" href=\"\/wp-content\/uploads\/2015\/05\/billard4.jpg\" rel=\"attachment wp-att-950\"><img loading=\"lazy\" decoding=\"async\" class=\"alignnone size-medium wp-image-950\" src=\"\/wp-content\/uploads\/2015\/05\/billard4-199x300.jpg\" alt=\"billard4\" width=\"199\" height=\"300\" srcset=\"https:\/\/www.csk-wb.be\/wp-content\/uploads\/2015\/05\/billard4-199x300.jpg 199w, https:\/\/www.csk-wb.be\/wp-content\/uploads\/2015\/05\/billard4-680x1024.jpg 680w, https:\/\/www.csk-wb.be\/wp-content\/uploads\/2015\/05\/billard4-768x1157.jpg 768w, https:\/\/www.csk-wb.be\/wp-content\/uploads\/2015\/05\/billard4.jpg 840w\" sizes=\"auto, (max-width: 199px) 100vw, 199px\" \/>\u00a0<\/a><\/p>\n<p><a href=\"\/wp-content\/uploads\/2015\/05\/billard3.jpg\" rel=\"attachment wp-att-949\"><img loading=\"lazy\" decoding=\"async\" class=\"alignnone size-medium wp-image-949\" src=\"\/wp-content\/uploads\/2015\/05\/billard3-300x199.jpg\" alt=\"billard3\" width=\"300\" height=\"199\" srcset=\"https:\/\/www.csk-wb.be\/wp-content\/uploads\/2015\/05\/billard3-300x199.jpg 300w, https:\/\/www.csk-wb.be\/wp-content\/uploads\/2015\/05\/billard3-1024x680.jpg 1024w, https:\/\/www.csk-wb.be\/wp-content\/uploads\/2015\/05\/billard3-768x510.jpg 768w, https:\/\/www.csk-wb.be\/wp-content\/uploads\/2015\/05\/billard3.jpg 1063w\" sizes=\"auto, (max-width: 300px) 100vw, 300px\" \/><\/a> <a href=\"\/wp-content\/uploads\/2015\/05\/billard2-1.jpg\" rel=\"attachment wp-att-948\"><img loading=\"lazy\" decoding=\"async\" class=\"alignnone size-medium wp-image-948\" src=\"\/wp-content\/uploads\/2015\/05\/billard2-1-300x199.jpg\" alt=\"billard2\" width=\"300\" height=\"199\" srcset=\"https:\/\/www.csk-wb.be\/wp-content\/uploads\/2015\/05\/billard2-1-300x199.jpg 300w, https:\/\/www.csk-wb.be\/wp-content\/uploads\/2015\/05\/billard2-1-1024x680.jpg 1024w, https:\/\/www.csk-wb.be\/wp-content\/uploads\/2015\/05\/billard2-1-768x510.jpg 768w, https:\/\/www.csk-wb.be\/wp-content\/uploads\/2015\/05\/billard2-1.jpg 1063w\" sizes=\"auto, (max-width: 300px) 100vw, 300px\" \/><\/a> <a href=\"\/wp-content\/uploads\/2015\/05\/Billard1-1-1-300x199.jpg\" rel=\"attachment wp-att-947\"><img loading=\"lazy\" decoding=\"async\" class=\"size-medium wp-image-947 alignnone\" src=\"\/wp-content\/uploads\/2015\/05\/Billard1-1-1-300x199.jpg\" alt=\"\" width=\"300\" height=\"199\" srcset=\"https:\/\/www.csk-wb.be\/wp-content\/uploads\/2015\/05\/Billard1-1-1-300x199.jpg 300w, https:\/\/www.csk-wb.be\/wp-content\/uploads\/2015\/05\/Billard1-1-1-1024x680.jpg 1024w, https:\/\/www.csk-wb.be\/wp-content\/uploads\/2015\/05\/Billard1-1-1-768x510.jpg 768w, https:\/\/www.csk-wb.be\/wp-content\/uploads\/2015\/05\/Billard1-1-1.jpg 1063w\" sizes=\"auto, (max-width: 300px) 100vw, 300px\" \/><\/a><\/p>\n<hr \/>\n<p><span style=\"color: #000000;\"><strong><span style=\"text-decoration: underline;\">D\u00e9l\u00e9gu\u00e9<\/span>\u00a0<\/strong>:<\/span><\/p>\n<ul>\n<li><span lang=\"FR-BE\">Michel Duchateau : <\/span><span lang=\"FR-BE\"><span style=\"color: #0000ff;\"><a style=\"color: #0000ff;\" href=\"mailto:duchateau.michel21@gmail.com\" target=\"_blank\" rel=\"noopener\">duchateau.michel21@gmail.com<\/a><\/span> &#8211; GSM\u00a00473\/98.27.31 <\/span><\/li>\n<\/ul>\n<hr \/>\n<p>&nbsp;<\/p>","protected":false},"excerpt":{"rendered":"<p>\u00a0 Activit\u00e9s\u00a0 Participation \u00e0 diff\u00e9rents challenges et rencontres interclubs. Concours Social 2025 &#8211; 2026 1er JAUNIAUX Patrick 2\u00e8me D&rsquo;HONT Philippe 3\u00e8me TOURLOUSSE Robert 4\u00e8me LEGROS Patrick Cadre 38\/2 1er TOURLOUSSE Robert 2\u00e8me KNOCKAERT Jacques 3\u00e8me LEGROS Patrick 4\u00e8me JAUNIAUX Patrick Match Amical contre BC Wavre BC WAVRE 4 victoires \/\u00a0 1 Nul\u00a0:\u00a0 20,5 Points BNPPBF [&hellip;]<\/p>\n","protected":false},"author":4,"featured_media":0,"parent":35,"menu_order":2,"comment_status":"closed","ping_status":"closed","template":"","meta":{"site-sidebar-layout":"no-sidebar","site-content-layout":"boxed-container","ast-site-content-layout":"normal-width-container","site-content-style":"boxed","site-sidebar-style":"boxed","ast-global-header-display":"","ast-banner-title-visibility":"","ast-main-header-display":"","ast-hfb-above-header-display":"","ast-hfb-below-header-display":"","ast-hfb-mobile-header-display":"","site-post-title":"","ast-breadcrumbs-content":"","ast-featured-img":"","footer-sml-layout":"","ast-disable-related-posts":"","theme-transparent-header-meta":"default","adv-header-id-meta":"","stick-header-meta":"","header-above-stick-meta":"","header-main-stick-meta":"","header-below-stick-meta":"","astra-migrate-meta-layouts":"set","ast-page-background-enabled":"default","ast-page-background-meta":{"desktop":{"background-color":"var(--ast-global-color-4)","background-image":"","background-repeat":"repeat","background-position":"center center","background-size":"auto","background-attachment":"scroll","background-type":"","background-media":"","overlay-type":"","overlay-color":"","overlay-opacity":"","overlay-gradient":""},"tablet":{"background-color":"","background-image":"","background-repeat":"repeat","background-position":"center center","background-size":"auto","background-attachment":"scroll","background-type":"","background-media":"","overlay-type":"","overlay-color":"","overlay-opacity":"","overlay-gradient":""},"mobile":{"background-color":"","background-image":"","background-repeat":"repeat","background-position":"center center","background-size":"auto","background-attachment":"scroll","background-type":"","background-media":"","overlay-type":"","overlay-color":"","overlay-opacity":"","overlay-gradient":""}},"ast-content-background-meta":{"desktop":{"background-color":"var(--ast-global-color-5)","background-image":"","background-repeat":"repeat","background-position":"center center","background-size":"auto","background-attachment":"scroll","background-type":"","background-media":"","overlay-type":"","overlay-color":"","overlay-opacity":"","overlay-gradient":""},"tablet":{"background-color":"var(--ast-global-color-5)","background-image":"","background-repeat":"repeat","background-position":"center center","background-size":"auto","background-attachment":"scroll","background-type":"","background-media":"","overlay-type":"","overlay-color":"","overlay-opacity":"","overlay-gradient":""},"mobile":{"background-color":"var(--ast-global-color-5)","background-image":"","background-repeat":"repeat","background-position":"center center","background-size":"auto","background-attachment":"scroll","background-type":"","background-media":"","overlay-type":"","overlay-color":"","overlay-opacity":"","overlay-gradient":""}},"_mc_calendar":[],"footnotes":""},"class_list":["post-152","page","type-page","status-publish","hentry"],"_links":{"self":[{"href":"https:\/\/www.csk-wb.be\/fr\/wp-json\/wp\/v2\/pages\/152","targetHints":{"allow":["GET"]}}],"collection":[{"href":"https:\/\/www.csk-wb.be\/fr\/wp-json\/wp\/v2\/pages"}],"about":[{"href":"https:\/\/www.csk-wb.be\/fr\/wp-json\/wp\/v2\/types\/page"}],"author":[{"embeddable":true,"href":"https:\/\/www.csk-wb.be\/fr\/wp-json\/wp\/v2\/users\/4"}],"replies":[{"embeddable":true,"href":"https:\/\/www.csk-wb.be\/fr\/wp-json\/wp\/v2\/comments?post=152"}],"version-history":[{"count":26,"href":"https:\/\/www.csk-wb.be\/fr\/wp-json\/wp\/v2\/pages\/152\/revisions"}],"predecessor-version":[{"id":2375,"href":"https:\/\/www.csk-wb.be\/fr\/wp-json\/wp\/v2\/pages\/152\/revisions\/2375"}],"up":[{"embeddable":true,"href":"https:\/\/www.csk-wb.be\/fr\/wp-json\/wp\/v2\/pages\/35"}],"wp:attachment":[{"href":"https:\/\/www.csk-wb.be\/fr\/wp-json\/wp\/v2\/media?parent=152"}],"curies":[{"name":"wp","href":"https:\/\/api.w.org\/{rel}","templated":true}]}}